{"id":3080,"date":"2021-07-28T07:16:27","date_gmt":"2021-07-28T07:16:27","guid":{"rendered":"http:\/\/wp.dreamitsolution.net\/itsoft\/?page_id=3080"},"modified":"2025-06-06T13:48:43","modified_gmt":"2025-06-06T11:48:43","slug":"demo-new-04","status":"publish","type":"page","link":"https:\/\/prd.smarthomesolutions-mt.de\/?page_id=3080","title":{"rendered":"SMART-HOME"},"content":{"rendered":"\t\t<div data-elementor-type=\"wp-page\" data-elementor-id=\"3080\" class=\"elementor elementor-3080\">\n\t\t\t\t\t\t<section class=\"elementor-section elementor-top-section elementor-element elementor-element-f980ded elementor-section-full_width elementor-section-height-default elementor-section-height-default\" data-id=\"f980ded\" data-element_type=\"section\">\n\t\t\t\t\t\t<div class=\"elementor-container elementor-column-gap-no\">\n\t\t\t\t\t<div class=\"elementor-column elementor-col-100 elementor-top-column elementor-element elementor-element-f461186\" data-id=\"f461186\" data-element_type=\"column\">\n\t\t\t<div class=\"elementor-widget-wrap elementor-element-populated\">\n\t\t\t\t\t\t<div class=\"elementor-element elementor-element-3017d14 elementor-widget elementor-widget-spacer\" data-id=\"3017d14\" data-element_type=\"widget\" data-widget_type=\"spacer.default\">\n\t\t\t\t<div class=\"elementor-widget-container\">\n\t\t\t\t\t\t\t<div class=\"elementor-spacer\">\n\t\t\t<div class=\"elementor-spacer-inner\"><\/div>\n\t\t<\/div>\n\t\t\t\t\t\t<\/div>\n\t\t\t\t<\/div>\n\t\t\t\t<div class=\"elementor-element elementor-element-0da8386 elementor-widget elementor-widget-slider_revolution\" data-id=\"0da8386\" data-element_type=\"widget\" data-widget_type=\"slider_revolution.default\">\n\t\t\t\t<div class=\"elementor-widget-container\">\n\t\t\t\t\t\n\t\t<div class=\"wp-block-themepunch-revslider\">\n\t\t\t<!-- START projekt_home REVOLUTION SLIDER 6.6.20 --><p class=\"rs-p-wp-fix\"><\/p>\n\t\t\t<rs-module-wrap id=\"rev_slider_30_1_wrapper\" data-source=\"gallery\" style=\"visibility:hidden;background:transparent;padding:0;margin:0px auto;margin-top:0;margin-bottom:0;\">\n\t\t\t\t<rs-module id=\"rev_slider_30_1\" style=\"\" data-version=\"6.6.20\">\n\t\t\t\t\t<rs-slides style=\"overflow: hidden; position: absolute;\">\n\t\t\t\t\t\t<rs-slide style=\"position: absolute;\" data-key=\"rs-47\" data-title=\"Slide\" data-in=\"o:0;\" data-out=\"a:false;\">\n\t\t\t\t\t\t\t<img fetchpriority=\"high\" decoding=\"async\" src=\"\/\/prd.smarthomesolutions-mt.de\/wp-content\/plugins\/revslider\/public\/assets\/assets\/dummy.png\" alt=\"\" title=\"slider2.jpg\" width=\"1920\" height=\"950\" class=\"rev-slidebg tp-rs-img rs-lazyload\" data-lazyload=\"\/\/prd.smarthomesolutions-mt.de\/wp-content\/uploads\/revslider\/slider-1-12\/slider2.jpg\" data-no-retina>\n<!--\n\t\t\t\t\t\t\t--><rs-group\n\t\t\t\t\t\t\t\tid=\"slider-30-slide-47-layer-0\" \n\t\t\t\t\t\t\t\tdata-type=\"group\"\n\t\t\t\t\t\t\t\tdata-rsp_ch=\"on\"\n\t\t\t\t\t\t\t\tdata-xy=\"xo:3px,5px,5px,6px;y:m;yo:1px,0,0,0;\"\n\t\t\t\t\t\t\t\tdata-text=\"w:normal;s:20,16,12,7;l:0,20,15,9;\"\n\t\t\t\t\t\t\t\tdata-dim=\"w:1160px,957px,636px,464px;h:428px,353px,351px,304px;\"\n\t\t\t\t\t\t\t\tdata-frame_0=\"o:1;\"\n\t\t\t\t\t\t\t\tdata-frame_999=\"o:0;st:w;sR:8700;sA:9000;\"\n\t\t\t\t\t\t\t\tstyle=\"z-index:6;\"\n\t\t\t\t\t\t\t><!--\n\t\t\t\t\t\t\t\t--><rs-layer\n\t\t\t\t\t\t\t\t\tid=\"slider-30-slide-47-layer-1\" \n\t\t\t\t\t\t\t\t\tdata-type=\"text\"\n\t\t\t\t\t\t\t\t\tdata-rsp_ch=\"on\"\n\t\t\t\t\t\t\t\t\tdata-xy=\"xo:-2px,-1px,0,0;yo:239px,197px,149px,91px;\"\n\t\t\t\t\t\t\t\t\tdata-pos=\"a\"\n\t\t\t\t\t\t\t\t\tdata-text=\"w:normal;s:60,52,45,35;l:65,56,51,41;fw:700;\"\n\t\t\t\t\t\t\t\t\tdata-frame_0=\"y:100%;\"\n\t\t\t\t\t\t\t\t\tdata-frame_0_mask=\"u:t;\"\n\t\t\t\t\t\t\t\t\tdata-frame_1=\"st:220;sp:1200;sR:220;\"\n\t\t\t\t\t\t\t\t\tdata-frame_1_mask=\"u:t;\"\n\t\t\t\t\t\t\t\t\tdata-frame_999=\"o:0;st:w;sR:7580;\"\n\t\t\t\t\t\t\t\t\tstyle=\"z-index:8;font-family:'Fira Sans';\"\n\t\t\t\t\t\t\t\t>Nur \n\t\t\t\t\t\t\t\t<\/rs-layer><!--\n\n\t\t\t\t\t\t\t\t--><rs-layer\n\t\t\t\t\t\t\t\t\tid=\"slider-30-slide-47-layer-4\" \n\t\t\t\t\t\t\t\t\tdata-type=\"text\"\n\t\t\t\t\t\t\t\t\tdata-color=\"#ff3c00\"\n\t\t\t\t\t\t\t\t\tdata-rsp_ch=\"on\"\n\t\t\t\t\t\t\t\t\tdata-xy=\"xo:112px,99px,84px,68px;yo:234px,193px,149px,92px;\"\n\t\t\t\t\t\t\t\t\tdata-pos=\"a\"\n\t\t\t\t\t\t\t\t\tdata-text=\"w:normal;s:60,52,45,35;l:65,57,51,38;fw:700;\"\n\t\t\t\t\t\t\t\t\tdata-frame_0=\"y:100%;\"\n\t\t\t\t\t\t\t\t\tdata-frame_0_mask=\"u:t;\"\n\t\t\t\t\t\t\t\t\tdata-frame_1=\"st:580;sp:1200;sR:580;\"\n\t\t\t\t\t\t\t\t\tdata-frame_1_mask=\"u:t;\"\n\t\t\t\t\t\t\t\t\tdata-frame_999=\"o:0;st:w;sR:7220;\"\n\t\t\t\t\t\t\t\t\tstyle=\"z-index:7;font-family:'Fira Sans';\"\n\t\t\t\t\t\t\t\t>Smarter \n\t\t\t\t\t\t\t\t<\/rs-layer><!--\n\n\t\t\t\t\t\t\t\t--><rs-layer\n\t\t\t\t\t\t\t\t\tid=\"slider-30-slide-47-layer-2\" \n\t\t\t\t\t\t\t\t\tdata-type=\"text\"\n\t\t\t\t\t\t\t\t\tdata-rsp_ch=\"on\"\n\t\t\t\t\t\t\t\t\tdata-xy=\"yo:89px,73px,64px,52px;\"\n\t\t\t\t\t\t\t\t\tdata-pos=\"a\"\n\t\t\t\t\t\t\t\t\tdata-text=\"w:normal;s:60,52,45,35;l:65,56,51,41;fw:700;\"\n\t\t\t\t\t\t\t\t\tdata-frame_0=\"y:100%;\"\n\t\t\t\t\t\t\t\t\tdata-frame_0_mask=\"u:t;\"\n\t\t\t\t\t\t\t\t\tdata-frame_1=\"st:220;sp:1200;sR:220;\"\n\t\t\t\t\t\t\t\t\tdata-frame_1_mask=\"u:t;\"\n\t\t\t\t\t\t\t\t\tdata-frame_999=\"o:0;st:w;sR:7580;\"\n\t\t\t\t\t\t\t\t\tstyle=\"z-index:6;font-family:'Fira Sans';\"\n\t\t\t\t\t\t\t\t>@home - Dein  Zuhause. \n\t\t\t\t\t\t\t\t<\/rs-layer><!--\n\t\t\t\t\t\t\t--><\/rs-group><!--\n-->\t\t\t\t\t\t<\/rs-slide>\n\t\t\t\t\t<\/rs-slides>\n\t\t\t\t<\/rs-module>\n\t\t\t\t<script>\n\t\t\t\t\tsetREVStartSize({c: 'rev_slider_30_1',rl:[1240,1024,778,480],el:[800,767.986,960,720],gw:[1240,1024,778,480],gh:[800,768,960,720],type:'standard',justify:'',layout:'fullwidth',mh:\"0\"});if (window.RS_MODULES!==undefined && window.RS_MODULES.modules!==undefined && window.RS_MODULES.modules[\"revslider301\"]!==undefined) {window.RS_MODULES.modules[\"revslider301\"].once = false;window.revapi30 = undefined;if (window.RS_MODULES.checkMinimal!==undefined) window.RS_MODULES.checkMinimal()}\n\t\t\t\t<\/script>\n\t\t\t<\/rs-module-wrap>\n\t\t\t<!-- END REVOLUTION SLIDER -->\n<\/div>\n\n\t\t\t\t\t\t<\/div>\n\t\t\t\t<\/div>\n\t\t\t\t\t<\/div>\n\t\t<\/div>\n\t\t\t\t\t<\/div>\n\t\t<\/section>\n\t\t\t\t<section class=\"elementor-section elementor-top-section elementor-element elementor-element-7dfb7b6 elementor-section-boxed elementor-section-height-default elementor-section-height-default\" data-id=\"7dfb7b6\" data-element_type=\"section\">\n\t\t\t\t\t\t<div class=\"elementor-container elementor-column-gap-default\">\n\t\t\t\t\t<div class=\"elementor-column elementor-col-100 elementor-top-column elementor-element elementor-element-75bd91f\" data-id=\"75bd91f\" data-element_type=\"column\">\n\t\t\t<div class=\"elementor-widget-wrap\">\n\t\t\t\t\t\t\t<\/div>\n\t\t<\/div>\n\t\t\t\t\t<\/div>\n\t\t<\/section>\n\t\t\t\t<section class=\"elementor-section elementor-top-section elementor-element elementor-element-d71e627 elementor-section-boxed elementor-section-height-default elementor-section-height-default\" data-id=\"d71e627\" data-element_type=\"section\">\n\t\t\t\t\t\t<div class=\"elementor-container elementor-column-gap-default\">\n\t\t\t\t\t<div class=\"elementor-column elementor-col-100 elementor-top-column elementor-element elementor-element-9b1cdc1\" data-id=\"9b1cdc1\" data-element_type=\"column\">\n\t\t\t<div class=\"elementor-widget-wrap elementor-element-populated\">\n\t\t\t\t\t\t<div class=\"elementor-element elementor-element-853f533 elementor-widget elementor-widget-sectiontitle\" data-id=\"853f533\" data-element_type=\"widget\" data-widget_type=\"sectiontitle.default\">\n\t\t\t\t<div class=\"elementor-widget-container\">\n\t\t\t\t\t\r\n\t\t\t\t<div class=\"\">\r\n\t\t\t<div class=\"section-title t_left\">\r\n\t\t\t\t<h5>\/\/ Projekt Home<\/h5>\r\n\t\t\t\t<div class=\"title\">\r\n\t\t\t\t    <h3>Jahrelange arbeit in den eigenen 4 w\u00e4nden<\/h3>\r\n\t\t\t\t    <h2>Bew\u00e4hrt <span>sich<\/span><\/h2>\r\n\t\t\t\t<\/div>\r\n\t\t\t\t\t\t\t\r\n\t\t\t\t<div class=\"bar-main\">\r\n\t\t\t\t\t<div class=\"bar bar-big\"><\/div>\r\n\t\t\t\t<\/div>\r\n\t\t\t\t\t\t\t\t<p>Als ich mein Haus gekauft habe, war SmartHome kein Thema \u2013 keine Sensoren, keine Steuerung, kein Komfort. Der erste Schritt war die Automatisierung der Rolll\u00e4den. Eine scheinbar kleine Entscheidung, die mich vor die erste gro\u00dfe Herausforderung stellte: Welches System passt zu meinen Bed\u00fcrfnissen?\n<br><br>\nNach intensiver Recherche entschied ich mich f\u00fcr Homematic IP \u2013 flexibel, zuverl\u00e4ssig und dank Funktechnik perfekt f\u00fcr Nachr\u00fcstungen ohne aufwendige Verkabelung. Schnell folgten weitere smarte Bausteine: Wassersensoren, Rauchmelder, Alarmanlage mit T\u00fcr-, Pr\u00e4senz- und Vibrationssensoren. Doch ich merkte bald: Ein System allein reicht nicht.\n<br><br>\nDie L\u00f6sung: Ein leistungsf\u00e4higer Smart Hub Server mit ioBroker. Damit er\u00f6ffnete sich eine v\u00f6llig neue Welt der M\u00f6glichkeiten. Heute ist mein Haus vollst\u00e4ndig automatisiert \u2013 von Licht, Heizung, Sicherheitsfunktionen, Zisternenf\u00fcllst\u00e4nden bis zur Alarmanlage. Und das Beste: Alle wichtigen Informationen werden automatisch per WhatsApp an mich versendet. Gesteuert wird alles zentral \u00fcber ein 24-Zoll-Tablet mit einer intuitiven Visualisierung, die keine Fragen offenl\u00e4sst.\n<br><br>\nSie m\u00f6chten Ihr Zuhause ebenfalls intelligenter machen? Ich helfe Ihnen dabei \u2013 aus Erfahrung, mit Leidenschaft und individueller Beratung.<\/p>\r\n\t\t\t<\/div>\t\r\n\t\t<\/div>\r\n\t\t\r\n\t\t\t\t\t<\/div>\n\t\t\t\t<\/div>\n\t\t\t\t\t<\/div>\n\t\t<\/div>\n\t\t\t\t\t<\/div>\n\t\t<\/section>\n\t\t<div class=\"elementor-element elementor-element-1dffd0a e-flex e-con-boxed e-con e-parent\" data-id=\"1dffd0a\" data-element_type=\"container\">\n\t\t\t\t\t<div class=\"e-con-inner\">\n\t\t\t\t<div class=\"elementor-element elementor-element-7f616f4 elementor-arrows-position-inside elementor-pagination-position-outside elementor-widget elementor-widget-image-carousel\" data-id=\"7f616f4\" data-element_type=\"widget\" data-settings=\"{&quot;slides_to_show&quot;:&quot;2&quot;,&quot;navigation&quot;:&quot;both&quot;,&quot;autoplay&quot;:&quot;yes&quot;,&quot;pause_on_hover&quot;:&quot;yes&quot;,&quot;pause_on_interaction&quot;:&quot;yes&quot;,&quot;autoplay_speed&quot;:5000,&quot;infinite&quot;:&quot;yes&quot;,&quot;speed&quot;:500}\" data-widget_type=\"image-carousel.default\">\n\t\t\t\t<div class=\"elementor-widget-container\">\n\t\t\t\t\t\t\t<div class=\"elementor-image-carousel-wrapper swiper\" role=\"region\" aria-roledescription=\"carousel\" aria-label=\"Projekt_Home\" dir=\"ltr\">\n\t\t\t<div class=\"elementor-image-carousel swiper-wrapper\" aria-live=\"off\">\n\t\t\t\t\t\t\t\t<div class=\"swiper-slide\" role=\"group\" aria-roledescription=\"slide\" aria-label=\"1 von 9\"><a data-elementor-open-lightbox=\"yes\" data-elementor-lightbox-slideshow=\"7f616f4\" data-elementor-lightbox-title=\"Startseite\" data-e-action-hash=\"#elementor-action%3Aaction%3Dlightbox%26settings%3DeyJpZCI6MTY3NzYsInVybCI6Imh0dHBzOlwvXC9wcmQuc21hcnRob21lc29sdXRpb25zLW10LmRlXC93cC1jb250ZW50XC91cGxvYWRzXC8yMDI1XC8wNlwvMTAucG5nIiwic2xpZGVzaG93IjoiN2Y2MTZmNCJ9\" href=\"https:\/\/prd.smarthomesolutions-mt.de\/wp-content\/uploads\/2025\/06\/10.png\"><figure class=\"swiper-slide-inner\"><img decoding=\"async\" class=\"swiper-slide-image\" src=\"https:\/\/prd.smarthomesolutions-mt.de\/wp-content\/uploads\/2025\/06\/10.png\" alt=\"Startseite\" \/><figcaption class=\"elementor-image-carousel-caption\">Startseite<\/figcaption><\/figure><\/a><\/div><div class=\"swiper-slide\" role=\"group\" aria-roledescription=\"slide\" aria-label=\"2 von 9\"><a data-elementor-open-lightbox=\"yes\" data-elementor-lightbox-slideshow=\"7f616f4\" data-elementor-lightbox-title=\"Visualisierung_2\" data-e-action-hash=\"#elementor-action%3Aaction%3Dlightbox%26settings%3DeyJpZCI6MTY3NjksInVybCI6Imh0dHBzOlwvXC9wcmQuc21hcnRob21lc29sdXRpb25zLW10LmRlXC93cC1jb250ZW50XC91cGxvYWRzXC8yMDI1XC8wNlwvMS5wbmciLCJzbGlkZXNob3ciOiI3ZjYxNmY0In0%3D\" href=\"https:\/\/prd.smarthomesolutions-mt.de\/wp-content\/uploads\/2025\/06\/1.png\"><figure class=\"swiper-slide-inner\"><img decoding=\"async\" class=\"swiper-slide-image\" src=\"https:\/\/prd.smarthomesolutions-mt.de\/wp-content\/uploads\/2025\/06\/1.png\" alt=\"Kalender Familie + M\u00fcll und Systeminfos\" \/><figcaption class=\"elementor-image-carousel-caption\">Kalender Familie + M\u00fcll und Systeminfos<\/figcaption><\/figure><\/a><\/div><div class=\"swiper-slide\" role=\"group\" aria-roledescription=\"slide\" aria-label=\"3 von 9\"><a data-elementor-open-lightbox=\"yes\" data-elementor-lightbox-slideshow=\"7f616f4\" data-elementor-lightbox-title=\"Visualisierung_3\" data-e-action-hash=\"#elementor-action%3Aaction%3Dlightbox%26settings%3DeyJpZCI6MTY3NzAsInVybCI6Imh0dHBzOlwvXC9wcmQuc21hcnRob21lc29sdXRpb25zLW10LmRlXC93cC1jb250ZW50XC91cGxvYWRzXC8yMDI1XC8wNlwvMi5wbmciLCJzbGlkZXNob3ciOiI3ZjYxNmY0In0%3D\" href=\"https:\/\/prd.smarthomesolutions-mt.de\/wp-content\/uploads\/2025\/06\/2.png\"><figure class=\"swiper-slide-inner\"><img decoding=\"async\" class=\"swiper-slide-image\" src=\"https:\/\/prd.smarthomesolutions-mt.de\/wp-content\/uploads\/2025\/06\/2.png\" alt=\"Grundriss Erdgeschoss mit Smarter Steuerung\" \/><figcaption class=\"elementor-image-carousel-caption\">Grundriss Erdgeschoss mit Smarter Steuerung<\/figcaption><\/figure><\/a><\/div><div class=\"swiper-slide\" role=\"group\" aria-roledescription=\"slide\" aria-label=\"4 von 9\"><a data-elementor-open-lightbox=\"yes\" data-elementor-lightbox-slideshow=\"7f616f4\" data-elementor-lightbox-title=\"Visualisierung_4\" data-e-action-hash=\"#elementor-action%3Aaction%3Dlightbox%26settings%3DeyJpZCI6MTY3NzIsInVybCI6Imh0dHBzOlwvXC9wcmQuc21hcnRob21lc29sdXRpb25zLW10LmRlXC93cC1jb250ZW50XC91cGxvYWRzXC8yMDI1XC8wNlwvMy5wbmciLCJzbGlkZXNob3ciOiI3ZjYxNmY0In0%3D\" href=\"https:\/\/prd.smarthomesolutions-mt.de\/wp-content\/uploads\/2025\/06\/3.png\"><figure class=\"swiper-slide-inner\"><img decoding=\"async\" class=\"swiper-slide-image\" src=\"https:\/\/prd.smarthomesolutions-mt.de\/wp-content\/uploads\/2025\/06\/3.png\" alt=\"Grundriss Obergeschoss mit Smarter Steuerung\" \/><figcaption class=\"elementor-image-carousel-caption\">Grundriss Obergeschoss mit Smarter Steuerung<\/figcaption><\/figure><\/a><\/div><div class=\"swiper-slide\" role=\"group\" aria-roledescription=\"slide\" aria-label=\"5 von 9\"><a data-elementor-open-lightbox=\"yes\" data-elementor-lightbox-slideshow=\"7f616f4\" data-elementor-lightbox-title=\"Visualisierung_5\" data-e-action-hash=\"#elementor-action%3Aaction%3Dlightbox%26settings%3DeyJpZCI6MTY3NzQsInVybCI6Imh0dHBzOlwvXC9wcmQuc21hcnRob21lc29sdXRpb25zLW10LmRlXC93cC1jb250ZW50XC91cGxvYWRzXC8yMDI1XC8wNlwvNi5wbmciLCJzbGlkZXNob3ciOiI3ZjYxNmY0In0%3D\" href=\"https:\/\/prd.smarthomesolutions-mt.de\/wp-content\/uploads\/2025\/06\/6.png\"><figure class=\"swiper-slide-inner\"><img decoding=\"async\" class=\"swiper-slide-image\" src=\"https:\/\/prd.smarthomesolutions-mt.de\/wp-content\/uploads\/2025\/06\/6.png\" alt=\"Garten + Carport\" \/><figcaption class=\"elementor-image-carousel-caption\">Garten + Carport<\/figcaption><\/figure><\/a><\/div><div class=\"swiper-slide\" role=\"group\" aria-roledescription=\"slide\" aria-label=\"6 von 9\"><a data-elementor-open-lightbox=\"yes\" data-elementor-lightbox-slideshow=\"7f616f4\" data-elementor-lightbox-title=\"Visualisierung_6\" data-e-action-hash=\"#elementor-action%3Aaction%3Dlightbox%26settings%3DeyJpZCI6MTY3NzMsInVybCI6Imh0dHBzOlwvXC9wcmQuc21hcnRob21lc29sdXRpb25zLW10LmRlXC93cC1jb250ZW50XC91cGxvYWRzXC8yMDI1XC8wNlwvNC5wbmciLCJzbGlkZXNob3ciOiI3ZjYxNmY0In0%3D\" href=\"https:\/\/prd.smarthomesolutions-mt.de\/wp-content\/uploads\/2025\/06\/4.png\"><figure class=\"swiper-slide-inner\"><img decoding=\"async\" class=\"swiper-slide-image\" src=\"https:\/\/prd.smarthomesolutions-mt.de\/wp-content\/uploads\/2025\/06\/4.png\" alt=\"Zisterne + M\u00e4hroboter und Bew\u00e4sserung\" \/><figcaption class=\"elementor-image-carousel-caption\">Zisterne + M\u00e4hroboter und Bew\u00e4sserung<\/figcaption><\/figure><\/a><\/div><div class=\"swiper-slide\" role=\"group\" aria-roledescription=\"slide\" aria-label=\"7 von 9\"><a data-elementor-open-lightbox=\"yes\" data-elementor-lightbox-slideshow=\"7f616f4\" data-elementor-lightbox-title=\"Visualisierung_7\" data-e-action-hash=\"#elementor-action%3Aaction%3Dlightbox%26settings%3DeyJpZCI6MTY3NzgsInVybCI6Imh0dHBzOlwvXC9wcmQuc21hcnRob21lc29sdXRpb25zLW10LmRlXC93cC1jb250ZW50XC91cGxvYWRzXC8yMDI1XC8wNlwvNS5wbmciLCJzbGlkZXNob3ciOiI3ZjYxNmY0In0%3D\" href=\"https:\/\/prd.smarthomesolutions-mt.de\/wp-content\/uploads\/2025\/06\/5.png\"><figure class=\"swiper-slide-inner\"><img decoding=\"async\" class=\"swiper-slide-image\" src=\"https:\/\/prd.smarthomesolutions-mt.de\/wp-content\/uploads\/2025\/06\/5.png\" alt=\"Programme startenund stoppen + Statis von Homeatic und Iobroker\" \/><figcaption class=\"elementor-image-carousel-caption\">Programme startenund stoppen + Statis von Homeatic und Iobroker<\/figcaption><\/figure><\/a><\/div><div class=\"swiper-slide\" role=\"group\" aria-roledescription=\"slide\" aria-label=\"8 von 9\"><a data-elementor-open-lightbox=\"yes\" data-elementor-lightbox-slideshow=\"7f616f4\" data-elementor-lightbox-title=\"Visualisierung_8\" data-e-action-hash=\"#elementor-action%3Aaction%3Dlightbox%26settings%3DeyJpZCI6MTY3NzcsInVybCI6Imh0dHBzOlwvXC9wcmQuc21hcnRob21lc29sdXRpb25zLW10LmRlXC93cC1jb250ZW50XC91cGxvYWRzXC8yMDI1XC8wNlwvNy5wbmciLCJzbGlkZXNob3ciOiI3ZjYxNmY0In0%3D\" href=\"https:\/\/prd.smarthomesolutions-mt.de\/wp-content\/uploads\/2025\/06\/7.png\"><figure class=\"swiper-slide-inner\"><img decoding=\"async\" class=\"swiper-slide-image\" src=\"https:\/\/prd.smarthomesolutions-mt.de\/wp-content\/uploads\/2025\/06\/7.png\" alt=\"Steuerung LED&#039;s\" \/><figcaption class=\"elementor-image-carousel-caption\">Steuerung LED's<\/figcaption><\/figure><\/a><\/div><div class=\"swiper-slide\" role=\"group\" aria-roledescription=\"slide\" aria-label=\"9 von 9\"><a data-elementor-open-lightbox=\"yes\" data-elementor-lightbox-slideshow=\"7f616f4\" data-elementor-lightbox-title=\"Visualisierung_9\" data-e-action-hash=\"#elementor-action%3Aaction%3Dlightbox%26settings%3DeyJpZCI6MTY3NzUsInVybCI6Imh0dHBzOlwvXC9wcmQuc21hcnRob21lc29sdXRpb25zLW10LmRlXC93cC1jb250ZW50XC91cGxvYWRzXC8yMDI1XC8wNlwvOC5wbmciLCJzbGlkZXNob3ciOiI3ZjYxNmY0In0%3D\" href=\"https:\/\/prd.smarthomesolutions-mt.de\/wp-content\/uploads\/2025\/06\/8.png\"><figure class=\"swiper-slide-inner\"><img decoding=\"async\" class=\"swiper-slide-image\" src=\"https:\/\/prd.smarthomesolutions-mt.de\/wp-content\/uploads\/2025\/06\/8.png\" alt=\"Protokollierung\" \/><figcaption class=\"elementor-image-carousel-caption\">Protokollierung<\/figcaption><\/figure><\/a><\/div>\t\t\t<\/div>\n\t\t\t\t\t\t\t\t\t\t\t\t<div class=\"elementor-swiper-button elementor-swiper-button-prev\" role=\"button\" tabindex=\"0\">\n\t\t\t\t\t\t<svg aria-hidden=\"true\" class=\"e-font-icon-svg e-eicon-chevron-left\" viewBox=\"0 0 1000 1000\" xmlns=\"http:\/\/www.w3.org\/2000\/svg\"><path d=\"M646 125C629 125 613 133 604 142L308 442C296 454 292 471 292 487 292 504 296 521 308 533L604 854C617 867 629 875 646 875 663 875 679 871 692 858 704 846 713 829 713 812 713 796 708 779 692 767L438 487 692 225C700 217 708 204 708 187 708 171 704 154 692 142 675 129 663 125 646 125Z\"><\/path><\/svg>\t\t\t\t\t<\/div>\n\t\t\t\t\t<div class=\"elementor-swiper-button elementor-swiper-button-next\" role=\"button\" tabindex=\"0\">\n\t\t\t\t\t\t<svg aria-hidden=\"true\" class=\"e-font-icon-svg e-eicon-chevron-right\" viewBox=\"0 0 1000 1000\" xmlns=\"http:\/\/www.w3.org\/2000\/svg\"><path d=\"M696 533C708 521 713 504 713 487 713 471 708 454 696 446L400 146C388 133 375 125 354 125 338 125 325 129 313 142 300 154 292 171 292 187 292 204 296 221 308 233L563 492 304 771C292 783 288 800 288 817 288 833 296 850 308 863 321 871 338 875 354 875 371 875 388 867 400 854L696 533Z\"><\/path><\/svg>\t\t\t\t\t<\/div>\n\t\t\t\t\n\t\t\t\t\t\t\t\t\t<div class=\"swiper-pagination\"><\/div>\n\t\t\t\t\t\t\t\t\t<\/div>\n\t\t\t\t\t\t<\/div>\n\t\t\t\t<\/div>\n\t\t\t\t\t<\/div>\n\t\t\t\t<\/div>\n\t\t<div class=\"elementor-element elementor-element-ba5866e e-flex e-con-boxed e-con e-parent\" data-id=\"ba5866e\" data-element_type=\"container\">\n\t\t\t\t\t<div class=\"e-con-inner\">\n\t\t\t\t<div class=\"elementor-element elementor-element-aaae014 elementor-widget elementor-widget-spacer\" data-id=\"aaae014\" data-element_type=\"widget\" data-widget_type=\"spacer.default\">\n\t\t\t\t<div class=\"elementor-widget-container\">\n\t\t\t\t\t\t\t<div class=\"elementor-spacer\">\n\t\t\t<div class=\"elementor-spacer-inner\"><\/div>\n\t\t<\/div>\n\t\t\t\t\t\t<\/div>\n\t\t\t\t<\/div>\n\t\t\t\t\t<\/div>\n\t\t\t\t<\/div>\n\t\t\t\t<\/div>\n\t\t","protected":false},"excerpt":{"rendered":"<p>\/\/ Projekt Home Jahrelange arbeit in den eigenen 4 w\u00e4nden Bew\u00e4hrt sich Als ich mein Haus gekauft habe, war SmartHome kein Thema \u2013 keine Sensoren, keine Steuerung, kein Komfort. Der erste Schritt war die Automatisierung der Rolll\u00e4den. Eine scheinbar kleine Entscheidung, die mich vor die erste gro\u00dfe Herausforderung stellte: Welches System passt zu meinen Bed\u00fcrfnissen? [&hellip;]<\/p>\n","protected":false},"author":1,"featured_media":0,"parent":0,"menu_order":0,"comment_status":"closed","ping_status":"closed","template":"page-templates\/template-default.php","meta":{"footnotes":""},"class_list":["post-3080","page","type-page","status-publish","hentry"],"_links":{"self":[{"href":"https:\/\/prd.smarthomesolutions-mt.de\/index.php?rest_route=\/wp\/v2\/pages\/3080","targetHints":{"allow":["GET"]}}],"collection":[{"href":"https:\/\/prd.smarthomesolutions-mt.de\/index.php?rest_route=\/wp\/v2\/pages"}],"about":[{"href":"https:\/\/prd.smarthomesolutions-mt.de\/index.php?rest_route=\/wp\/v2\/types\/page"}],"author":[{"embeddable":true,"href":"https:\/\/prd.smarthomesolutions-mt.de\/index.php?rest_route=\/wp\/v2\/users\/1"}],"replies":[{"embeddable":true,"href":"https:\/\/prd.smarthomesolutions-mt.de\/index.php?rest_route=%2Fwp%2Fv2%2Fcomments&post=3080"}],"version-history":[{"count":39,"href":"https:\/\/prd.smarthomesolutions-mt.de\/index.php?rest_route=\/wp\/v2\/pages\/3080\/revisions"}],"predecessor-version":[{"id":16785,"href":"https:\/\/prd.smarthomesolutions-mt.de\/index.php?rest_route=\/wp\/v2\/pages\/3080\/revisions\/16785"}],"wp:attachment":[{"href":"https:\/\/prd.smarthomesolutions-mt.de\/index.php?rest_route=%2Fwp%2Fv2%2Fmedia&parent=3080"}],"curies":[{"name":"wp","href":"https:\/\/api.w.org\/{rel}","templated":true}]}}