{"id":16749,"date":"2025-05-28T13:59:10","date_gmt":"2025-05-28T11:59:10","guid":{"rendered":"https:\/\/prd.smarthomesolutions-mt.de\/?page_id=16749"},"modified":"2025-05-28T14:10:04","modified_gmt":"2025-05-28T12:10:04","slug":"internet","status":"publish","type":"page","link":"https:\/\/prd.smarthomesolutions-mt.de\/?page_id=16749","title":{"rendered":"Internet"},"content":{"rendered":"\t\t<div data-elementor-type=\"wp-page\" data-elementor-id=\"16749\" class=\"elementor elementor-16749\">\n\t\t\t\t\t\t<section class=\"elementor-section elementor-top-section elementor-element elementor-element-3476a992 elementor-section-full_width elementor-section-height-default elementor-section-height-default\" data-id=\"3476a992\" data-element_type=\"section\">\n\t\t\t\t\t\t<div class=\"elementor-container elementor-column-gap-no\">\n\t\t\t\t\t<div class=\"elementor-column elementor-col-100 elementor-top-column elementor-element elementor-element-787961a7\" data-id=\"787961a7\" data-element_type=\"column\">\n\t\t\t<div class=\"elementor-widget-wrap elementor-element-populated\">\n\t\t\t\t\t\t<div class=\"elementor-element elementor-element-6fcc2b8e elementor-widget elementor-widget-spacer\" data-id=\"6fcc2b8e\" data-element_type=\"widget\" data-widget_type=\"spacer.default\">\n\t\t\t\t<div class=\"elementor-widget-container\">\n\t\t\t\t\t\t\t<div class=\"elementor-spacer\">\n\t\t\t<div class=\"elementor-spacer-inner\"><\/div>\n\t\t<\/div>\n\t\t\t\t\t\t<\/div>\n\t\t\t\t<\/div>\n\t\t\t\t<div class=\"elementor-element elementor-element-c902ab3 elementor-widget elementor-widget-slider_revolution\" data-id=\"c902ab3\" data-element_type=\"widget\" data-widget_type=\"slider_revolution.default\">\n\t\t\t\t<div class=\"elementor-widget-container\">\n\t\t\t\t\t\n\t\t<div class=\"wp-block-themepunch-revslider\">\n\t\t\t<!-- START leistungen_internet REVOLUTION SLIDER 6.6.20 --><p class=\"rs-p-wp-fix\"><\/p>\n\t\t\t<rs-module-wrap id=\"rev_slider_36_1_wrapper\" data-source=\"gallery\" style=\"visibility:hidden;background:transparent;padding:0;margin:0px auto;margin-top:0;margin-bottom:0;\">\n\t\t\t\t<rs-module id=\"rev_slider_36_1\" style=\"\" data-version=\"6.6.20\">\n\t\t\t\t\t<rs-slides style=\"overflow: hidden; position: absolute;\">\n\t\t\t\t\t\t<rs-slide style=\"position: absolute;\" data-key=\"rs-53\" data-title=\"Slide\" data-in=\"o:0;\" data-out=\"a:false;\">\n\t\t\t\t\t\t\t<img fetchpriority=\"high\" decoding=\"async\" src=\"\/\/prd.smarthomesolutions-mt.de\/wp-content\/plugins\/revslider\/public\/assets\/assets\/dummy.png\" alt=\"\" title=\"slider2.jpg\" width=\"1920\" height=\"950\" class=\"rev-slidebg tp-rs-img rs-lazyload\" data-lazyload=\"\/\/prd.smarthomesolutions-mt.de\/wp-content\/uploads\/revslider\/slider-1-12\/slider2.jpg\" data-no-retina>\n<!--\n\t\t\t\t\t\t\t--><rs-group\n\t\t\t\t\t\t\t\tid=\"slider-36-slide-53-layer-0\" \n\t\t\t\t\t\t\t\tdata-type=\"group\"\n\t\t\t\t\t\t\t\tdata-rsp_ch=\"on\"\n\t\t\t\t\t\t\t\tdata-xy=\"xo:3px,5px,5px,6px;y:m;yo:1px,0,0,0;\"\n\t\t\t\t\t\t\t\tdata-text=\"w:normal;s:20,16,12,7;l:0,20,15,9;\"\n\t\t\t\t\t\t\t\tdata-dim=\"w:1160px,957px,636px,464px;h:428px,353px,351px,304px;\"\n\t\t\t\t\t\t\t\tdata-frame_0=\"o:1;\"\n\t\t\t\t\t\t\t\tdata-frame_999=\"o:0;st:w;sR:8700;sA:9000;\"\n\t\t\t\t\t\t\t\tstyle=\"z-index:6;\"\n\t\t\t\t\t\t\t><!--\n\t\t\t\t\t\t\t\t--><rs-layer\n\t\t\t\t\t\t\t\t\tid=\"slider-36-slide-53-layer-1\" \n\t\t\t\t\t\t\t\t\tdata-type=\"text\"\n\t\t\t\t\t\t\t\t\tdata-rsp_ch=\"on\"\n\t\t\t\t\t\t\t\t\tdata-xy=\"xo:-2px,-1px,0,0;yo:200px,165px,125px,77px;\"\n\t\t\t\t\t\t\t\t\tdata-pos=\"a\"\n\t\t\t\t\t\t\t\t\tdata-text=\"w:normal;s:60,52,45,35;l:65,56,51,41;fw:700;\"\n\t\t\t\t\t\t\t\t\tdata-dim=\"w:140px,115px,87px,53px;\"\n\t\t\t\t\t\t\t\t\tdata-frame_0=\"y:100%;\"\n\t\t\t\t\t\t\t\t\tdata-frame_0_mask=\"u:t;\"\n\t\t\t\t\t\t\t\t\tdata-frame_1=\"st:220;sp:1200;sR:220;\"\n\t\t\t\t\t\t\t\t\tdata-frame_1_mask=\"u:t;\"\n\t\t\t\t\t\t\t\t\tdata-frame_999=\"o:0;st:w;sR:7580;\"\n\t\t\t\t\t\t\t\t\tstyle=\"z-index:8;font-family:'Fira Sans';\"\n\t\t\t\t\t\t\t\t>Mein \n\t\t\t\t\t\t\t\t<\/rs-layer><!--\n\n\t\t\t\t\t\t\t\t--><rs-layer\n\t\t\t\t\t\t\t\t\tid=\"slider-36-slide-53-layer-4\" \n\t\t\t\t\t\t\t\t\tdata-type=\"text\"\n\t\t\t\t\t\t\t\t\tdata-color=\"#ff3c00\"\n\t\t\t\t\t\t\t\t\tdata-rsp_ch=\"on\"\n\t\t\t\t\t\t\t\t\tdata-xy=\"xo:147px,122px,98px,80px;yo:198px,131px,114px,96px;\"\n\t\t\t\t\t\t\t\t\tdata-pos=\"a\"\n\t\t\t\t\t\t\t\t\tdata-text=\"w:normal;s:60,52,45,35;l:65,57,51,38;fw:700;\"\n\t\t\t\t\t\t\t\t\tdata-frame_0=\"y:100%;\"\n\t\t\t\t\t\t\t\t\tdata-frame_0_mask=\"u:t;\"\n\t\t\t\t\t\t\t\t\tdata-frame_1=\"st:580;sp:1200;sR:580;\"\n\t\t\t\t\t\t\t\t\tdata-frame_1_mask=\"u:t;\"\n\t\t\t\t\t\t\t\t\tdata-frame_999=\"o:0;st:w;sR:7220;\"\n\t\t\t\t\t\t\t\t\tstyle=\"z-index:7;font-family:'Fira Sans';\"\n\t\t\t\t\t\t\t\t>Job. \n\t\t\t\t\t\t\t\t<\/rs-layer><!--\n\n\t\t\t\t\t\t\t\t--><rs-layer\n\t\t\t\t\t\t\t\t\tid=\"slider-36-slide-53-layer-2\" \n\t\t\t\t\t\t\t\t\tdata-type=\"text\"\n\t\t\t\t\t\t\t\t\tdata-rsp_ch=\"on\"\n\t\t\t\t\t\t\t\t\tdata-xy=\"yo:89px,73px,64px,52px;\"\n\t\t\t\t\t\t\t\t\tdata-pos=\"a\"\n\t\t\t\t\t\t\t\t\tdata-text=\"w:normal;s:60,52,45,35;l:65,56,51,41;fw:700;\"\n\t\t\t\t\t\t\t\t\tdata-frame_0=\"y:100%;\"\n\t\t\t\t\t\t\t\t\tdata-frame_0_mask=\"u:t;\"\n\t\t\t\t\t\t\t\t\tdata-frame_1=\"st:220;sp:1200;sR:220;\"\n\t\t\t\t\t\t\t\t\tdata-frame_1_mask=\"u:t;\"\n\t\t\t\t\t\t\t\t\tdata-frame_999=\"o:0;st:w;sR:7580;\"\n\t\t\t\t\t\t\t\t\tstyle=\"z-index:6;font-family:'Fira Sans';\"\n\t\t\t\t\t\t\t\t>Ihr Internet. \n\t\t\t\t\t\t\t\t<\/rs-layer><!--\n\t\t\t\t\t\t\t--><\/rs-group><!--\n-->\t\t\t\t\t\t<\/rs-slide>\n\t\t\t\t\t<\/rs-slides>\n\t\t\t\t<\/rs-module>\n\t\t\t\t<script>\n\t\t\t\t\tsetREVStartSize({c: 'rev_slider_36_1',rl:[1240,1024,778,480],el:[800,768,960,720],gw:[1240,1024,778,480],gh:[800,768,960,720],type:'standard',justify:'',layout:'fullwidth',mh:\"0\"});if (window.RS_MODULES!==undefined && window.RS_MODULES.modules!==undefined && window.RS_MODULES.modules[\"revslider361\"]!==undefined) {window.RS_MODULES.modules[\"revslider361\"].once = false;window.revapi36 = undefined;if (window.RS_MODULES.checkMinimal!==undefined) window.RS_MODULES.checkMinimal()}\n\t\t\t\t<\/script>\n\t\t\t<\/rs-module-wrap>\n\t\t\t<!-- END REVOLUTION SLIDER -->\n<\/div>\n\n\t\t\t\t\t\t<\/div>\n\t\t\t\t<\/div>\n\t\t\t\t\t<\/div>\n\t\t<\/div>\n\t\t\t\t\t<\/div>\n\t\t<\/section>\n\t\t\t\t<section class=\"elementor-section elementor-top-section elementor-element elementor-element-3da6ab3 elementor-section-boxed elementor-section-height-default elementor-section-height-default\" data-id=\"3da6ab3\" data-element_type=\"section\">\n\t\t\t\t\t\t<div class=\"elementor-container elementor-column-gap-default\">\n\t\t\t\t\t<div class=\"elementor-column elementor-col-100 elementor-top-column elementor-element elementor-element-10ccce59\" data-id=\"10ccce59\" data-element_type=\"column\">\n\t\t\t<div class=\"elementor-widget-wrap\">\n\t\t\t\t\t\t\t<\/div>\n\t\t<\/div>\n\t\t\t\t\t<\/div>\n\t\t<\/section>\n\t\t\t\t<section class=\"elementor-section elementor-top-section elementor-element elementor-element-1c1e04fe elementor-section-boxed elementor-section-height-default elementor-section-height-default\" data-id=\"1c1e04fe\" data-element_type=\"section\">\n\t\t\t\t\t\t<div class=\"elementor-container elementor-column-gap-default\">\n\t\t\t\t\t<div class=\"elementor-column elementor-col-100 elementor-top-column elementor-element elementor-element-61e55201\" data-id=\"61e55201\" data-element_type=\"column\">\n\t\t\t<div class=\"elementor-widget-wrap elementor-element-populated\">\n\t\t\t\t\t\t<div class=\"elementor-element elementor-element-57bd4273 elementor-widget elementor-widget-sectiontitle\" data-id=\"57bd4273\" data-element_type=\"widget\" data-widget_type=\"sectiontitle.default\">\n\t\t\t\t<div class=\"elementor-widget-container\">\n\t\t\t\t\t\r\n\t\t\t\t<div class=\"\">\r\n\t\t\t<div class=\"section-title t_left\">\r\n\t\t\t\t<h5>\/\/ Internet<\/h5>\r\n\t\t\t\t<div class=\"title\">\r\n\t\t\t\t    <h3>Stabile Verbindung. Starkes Netzwerk. <\/h3>\r\n\t\t\t\t    <h2> Ich bringe Ihr Internet in <span>Bestform.<\/span><\/h2>\r\n\t\t\t\t<\/div>\r\n\t\t\t\t\t\t\t\r\n\t\t\t\t<div class=\"bar-main\">\r\n\t\t\t\t\t<div class=\"bar bar-big\"><\/div>\r\n\t\t\t\t<\/div>\r\n\t\t\t\t\t\t\t\t<p>Egal ob langsames Internet, Verbindungsabbr\u00fcche oder Probleme mit der Einrichtung \u2013 ich unterst\u00fctze Sie zuverl\u00e4ssig bei allen Herausforderungen rund um Ihren Internetanschluss. Von der Erstinstallation bis zur professionellen Netzwerkoptimierung bin ich Ihr pers\u00f6nlicher Ansprechpartner f\u00fcr eine stabile und schnelle Verbindung.\n<br><br>\n<b>Meine Leistungen im Bereich Internet & Heimnetzwerk:<\/b><br><br>\n\ud83c\udf10 VDSL- & Glasfaseranschluss einrichten<br>\nIch richte Ihren Internetanschluss fachgerecht ein \u2013 egal ob klassisches VDSL oder moderne Glasfaser. Dabei achte ich auf korrekte Konfiguration, optimale Signalst\u00e4rke und sichere Verbindungen.\n<br><br>\n\ud83d\udcf6 Fritz!Box & andere Router einrichten<br>\nOb neue Fritz!Box oder ein anderes Routermodell: Ich \u00fcbernehme die komplette Einrichtung, sichere die Einstellungen ab und verbinde Ihre Ger\u00e4te zuverl\u00e4ssig mit dem Heimnetzwerk.\n<br><br>\n\ud83d\udd0c Netzwerkverkabelung & Struktur<br>\nIch plane und verlege Netzwerkkabel sauber und effizient \u2013 f\u00fcr stabile LAN-Verbindungen im ganzen Haus oder B\u00fcro. Vom Keller bis ins Dachgeschoss: Ihre Verbindung steht.<br><br>\n\ud83d\udda5\ufe0f Netzwerk-Peripherie & Ger\u00e4teanbindung<br>\nDrucker, NAS, Smart-TVs, Repeater oder Powerline-Adapter \u2013 ich binde alle Ger\u00e4te korrekt ins Netzwerk ein und sorge daf\u00fcr, dass alles reibungslos miteinander kommuniziert.<\/p>\r\n\t\t\t<\/div>\t\r\n\t\t<\/div>\r\n\t\t\r\n\t\t\t\t\t<\/div>\n\t\t\t\t<\/div>\n\t\t\t\t\t<\/div>\n\t\t<\/div>\n\t\t\t\t\t<\/div>\n\t\t<\/section>\n\t\t\t\t<\/div>\n\t\t","protected":false},"excerpt":{"rendered":"<p>\/\/ Internet Stabile Verbindung. Starkes Netzwerk. Ich bringe Ihr Internet in Bestform. Egal ob langsames Internet, Verbindungsabbr\u00fcche oder Probleme mit der Einrichtung \u2013 ich unterst\u00fctze Sie zuverl\u00e4ssig bei allen Herausforderungen rund um Ihren Internetanschluss. Von der Erstinstallation bis zur professionellen Netzwerkoptimierung bin ich Ihr pers\u00f6nlicher Ansprechpartner f\u00fcr eine stabile und schnelle Verbindung. Meine Leistungen im [&hellip;]<\/p>\n","protected":false},"author":1,"featured_media":0,"parent":0,"menu_order":0,"comment_status":"closed","ping_status":"closed","template":"page-templates\/template-default.php","meta":{"footnotes":""},"class_list":["post-16749","page","type-page","status-publish","hentry"],"_links":{"self":[{"href":"https:\/\/prd.smarthomesolutions-mt.de\/index.php?rest_route=\/wp\/v2\/pages\/16749","targetHints":{"allow":["GET"]}}],"collection":[{"href":"https:\/\/prd.smarthomesolutions-mt.de\/index.php?rest_route=\/wp\/v2\/pages"}],"about":[{"href":"https:\/\/prd.smarthomesolutions-mt.de\/index.php?rest_route=\/wp\/v2\/types\/page"}],"author":[{"embeddable":true,"href":"https:\/\/prd.smarthomesolutions-mt.de\/index.php?rest_route=\/wp\/v2\/users\/1"}],"replies":[{"embeddable":true,"href":"https:\/\/prd.smarthomesolutions-mt.de\/index.php?rest_route=%2Fwp%2Fv2%2Fcomments&post=16749"}],"version-history":[{"count":7,"href":"https:\/\/prd.smarthomesolutions-mt.de\/index.php?rest_route=\/wp\/v2\/pages\/16749\/revisions"}],"predecessor-version":[{"id":16761,"href":"https:\/\/prd.smarthomesolutions-mt.de\/index.php?rest_route=\/wp\/v2\/pages\/16749\/revisions\/16761"}],"wp:attachment":[{"href":"https:\/\/prd.smarthomesolutions-mt.de\/index.php?rest_route=%2Fwp%2Fv2%2Fmedia&parent=16749"}],"curies":[{"name":"wp","href":"https:\/\/api.w.org\/{rel}","templated":true}]}}