{"id":16727,"date":"2025-05-28T12:01:31","date_gmt":"2025-05-28T10:01:31","guid":{"rendered":"https:\/\/prd.smarthomesolutions-mt.de\/?page_id=16727"},"modified":"2025-05-28T13:56:32","modified_gmt":"2025-05-28T11:56:32","slug":"leistungen_fehler","status":"publish","type":"page","link":"https:\/\/prd.smarthomesolutions-mt.de\/?page_id=16727","title":{"rendered":"Fehler"},"content":{"rendered":"\t\t<div data-elementor-type=\"wp-page\" data-elementor-id=\"16727\" class=\"elementor elementor-16727\">\n\t\t\t\t\t\t<section class=\"elementor-section elementor-top-section elementor-element elementor-element-2b971dd0 elementor-section-full_width elementor-section-height-default elementor-section-height-default\" data-id=\"2b971dd0\" data-element_type=\"section\">\n\t\t\t\t\t\t<div class=\"elementor-container elementor-column-gap-no\">\n\t\t\t\t\t<div class=\"elementor-column elementor-col-100 elementor-top-column elementor-element elementor-element-38d4f3dc\" data-id=\"38d4f3dc\" data-element_type=\"column\">\n\t\t\t<div class=\"elementor-widget-wrap elementor-element-populated\">\n\t\t\t\t\t\t<div class=\"elementor-element elementor-element-24eba0b elementor-widget elementor-widget-spacer\" data-id=\"24eba0b\" data-element_type=\"widget\" data-widget_type=\"spacer.default\">\n\t\t\t\t<div class=\"elementor-widget-container\">\n\t\t\t\t\t\t\t<div class=\"elementor-spacer\">\n\t\t\t<div class=\"elementor-spacer-inner\"><\/div>\n\t\t<\/div>\n\t\t\t\t\t\t<\/div>\n\t\t\t\t<\/div>\n\t\t\t\t<div class=\"elementor-element elementor-element-609377ff elementor-widget elementor-widget-slider_revolution\" data-id=\"609377ff\" data-element_type=\"widget\" data-widget_type=\"slider_revolution.default\">\n\t\t\t\t<div class=\"elementor-widget-container\">\n\t\t\t\t\t\n\t\t<div class=\"wp-block-themepunch-revslider\">\n\t\t\t<!-- START leistungen_fehler REVOLUTION SLIDER 6.6.20 --><p class=\"rs-p-wp-fix\"><\/p>\n\t\t\t<rs-module-wrap id=\"rev_slider_35_1_wrapper\" data-source=\"gallery\" style=\"visibility:hidden;background:transparent;padding:0;margin:0px auto;margin-top:0;margin-bottom:0;\">\n\t\t\t\t<rs-module id=\"rev_slider_35_1\" style=\"\" data-version=\"6.6.20\">\n\t\t\t\t\t<rs-slides style=\"overflow: hidden; position: absolute;\">\n\t\t\t\t\t\t<rs-slide style=\"position: absolute;\" data-key=\"rs-52\" data-title=\"Slide\" data-in=\"o:0;\" data-out=\"a:false;\">\n\t\t\t\t\t\t\t<img fetchpriority=\"high\" decoding=\"async\" src=\"\/\/prd.smarthomesolutions-mt.de\/wp-content\/plugins\/revslider\/public\/assets\/assets\/dummy.png\" alt=\"\" title=\"slider2.jpg\" width=\"1920\" height=\"950\" class=\"rev-slidebg tp-rs-img rs-lazyload\" data-lazyload=\"\/\/prd.smarthomesolutions-mt.de\/wp-content\/uploads\/revslider\/slider-1-12\/slider2.jpg\" data-no-retina>\n<!--\n\t\t\t\t\t\t\t--><rs-group\n\t\t\t\t\t\t\t\tid=\"slider-35-slide-52-layer-0\" \n\t\t\t\t\t\t\t\tdata-type=\"group\"\n\t\t\t\t\t\t\t\tdata-rsp_ch=\"on\"\n\t\t\t\t\t\t\t\tdata-xy=\"xo:3px,5px,5px,6px;y:m;yo:1px,0,0,0;\"\n\t\t\t\t\t\t\t\tdata-text=\"w:normal;s:20,16,12,7;l:0,20,15,9;\"\n\t\t\t\t\t\t\t\tdata-dim=\"w:1160px,957px,636px,464px;h:428px,353px,351px,304px;\"\n\t\t\t\t\t\t\t\tdata-frame_0=\"o:1;\"\n\t\t\t\t\t\t\t\tdata-frame_999=\"o:0;st:w;sR:8700;sA:9000;\"\n\t\t\t\t\t\t\t\tstyle=\"z-index:6;\"\n\t\t\t\t\t\t\t><!--\n\t\t\t\t\t\t\t\t--><rs-layer\n\t\t\t\t\t\t\t\t\tid=\"slider-35-slide-52-layer-1\" \n\t\t\t\t\t\t\t\t\tdata-type=\"text\"\n\t\t\t\t\t\t\t\t\tdata-rsp_ch=\"on\"\n\t\t\t\t\t\t\t\t\tdata-xy=\"xo:-2px,-1px,0,0;yo:200px,165px,125px,77px;\"\n\t\t\t\t\t\t\t\t\tdata-pos=\"a\"\n\t\t\t\t\t\t\t\t\tdata-text=\"w:normal;s:60,52,45,35;l:65,56,51,41;fw:700;\"\n\t\t\t\t\t\t\t\t\tdata-dim=\"w:509px,420px,319px,196px;\"\n\t\t\t\t\t\t\t\t\tdata-frame_0=\"y:100%;\"\n\t\t\t\t\t\t\t\t\tdata-frame_0_mask=\"u:t;\"\n\t\t\t\t\t\t\t\t\tdata-frame_1=\"st:220;sp:1200;sR:220;\"\n\t\t\t\t\t\t\t\t\tdata-frame_1_mask=\"u:t;\"\n\t\t\t\t\t\t\t\t\tdata-frame_999=\"o:0;st:w;sR:7580;\"\n\t\t\t\t\t\t\t\t\tstyle=\"z-index:8;font-family:'Fira Sans';\"\n\t\t\t\t\t\t\t\t>Ich k\u00fcmmere mich  \n\t\t\t\t\t\t\t\t<\/rs-layer><!--\n\n\t\t\t\t\t\t\t\t--><rs-layer\n\t\t\t\t\t\t\t\t\tid=\"slider-35-slide-52-layer-4\" \n\t\t\t\t\t\t\t\t\tdata-type=\"text\"\n\t\t\t\t\t\t\t\t\tdata-color=\"#ff3c00\"\n\t\t\t\t\t\t\t\t\tdata-rsp_ch=\"on\"\n\t\t\t\t\t\t\t\t\tdata-xy=\"xo:527px,122px,98px,80px;yo:198px,131px,114px,96px;\"\n\t\t\t\t\t\t\t\t\tdata-pos=\"a\"\n\t\t\t\t\t\t\t\t\tdata-text=\"w:normal;s:60,52,45,35;l:65,57,51,38;fw:700;\"\n\t\t\t\t\t\t\t\t\tdata-frame_0=\"y:100%;\"\n\t\t\t\t\t\t\t\t\tdata-frame_0_mask=\"u:t;\"\n\t\t\t\t\t\t\t\t\tdata-frame_1=\"st:580;sp:1200;sR:580;\"\n\t\t\t\t\t\t\t\t\tdata-frame_1_mask=\"u:t;\"\n\t\t\t\t\t\t\t\t\tdata-frame_999=\"o:0;st:w;sR:7220;\"\n\t\t\t\t\t\t\t\t\tstyle=\"z-index:7;font-family:'Fira Sans';\"\n\t\t\t\t\t\t\t\t>darum \n\t\t\t\t\t\t\t\t<\/rs-layer><!--\n\n\t\t\t\t\t\t\t\t--><rs-layer\n\t\t\t\t\t\t\t\t\tid=\"slider-35-slide-52-layer-2\" \n\t\t\t\t\t\t\t\t\tdata-type=\"text\"\n\t\t\t\t\t\t\t\t\tdata-rsp_ch=\"on\"\n\t\t\t\t\t\t\t\t\tdata-xy=\"yo:89px,73px,64px,52px;\"\n\t\t\t\t\t\t\t\t\tdata-pos=\"a\"\n\t\t\t\t\t\t\t\t\tdata-text=\"w:normal;s:60,52,45,35;l:65,56,51,41;fw:700;\"\n\t\t\t\t\t\t\t\t\tdata-frame_0=\"y:100%;\"\n\t\t\t\t\t\t\t\t\tdata-frame_0_mask=\"u:t;\"\n\t\t\t\t\t\t\t\t\tdata-frame_1=\"st:220;sp:1200;sR:220;\"\n\t\t\t\t\t\t\t\t\tdata-frame_1_mask=\"u:t;\"\n\t\t\t\t\t\t\t\t\tdata-frame_999=\"o:0;st:w;sR:7580;\"\n\t\t\t\t\t\t\t\t\tstyle=\"z-index:6;font-family:'Fira Sans';\"\n\t\t\t\t\t\t\t\t>Probleme mit Technik ? \n\t\t\t\t\t\t\t\t<\/rs-layer><!--\n\t\t\t\t\t\t\t--><\/rs-group><!--\n-->\t\t\t\t\t\t<\/rs-slide>\n\t\t\t\t\t<\/rs-slides>\n\t\t\t\t<\/rs-module>\n\t\t\t\t<script>\n\t\t\t\t\tsetREVStartSize({c: 'rev_slider_35_1',rl:[1240,1024,778,480],el:[800,768,960,720],gw:[1240,1024,778,480],gh:[800,768,960,720],type:'standard',justify:'',layout:'fullwidth',mh:\"0\"});if (window.RS_MODULES!==undefined && window.RS_MODULES.modules!==undefined && window.RS_MODULES.modules[\"revslider351\"]!==undefined) {window.RS_MODULES.modules[\"revslider351\"].once = false;window.revapi35 = undefined;if (window.RS_MODULES.checkMinimal!==undefined) window.RS_MODULES.checkMinimal()}\n\t\t\t\t<\/script>\n\t\t\t<\/rs-module-wrap>\n\t\t\t<!-- END REVOLUTION SLIDER -->\n<\/div>\n\n\t\t\t\t\t\t<\/div>\n\t\t\t\t<\/div>\n\t\t\t\t\t<\/div>\n\t\t<\/div>\n\t\t\t\t\t<\/div>\n\t\t<\/section>\n\t\t\t\t<section class=\"elementor-section elementor-top-section elementor-element elementor-element-508c1617 elementor-section-boxed elementor-section-height-default elementor-section-height-default\" data-id=\"508c1617\" data-element_type=\"section\">\n\t\t\t\t\t\t<div class=\"elementor-container elementor-column-gap-default\">\n\t\t\t\t\t<div class=\"elementor-column elementor-col-100 elementor-top-column elementor-element elementor-element-fb47dfd\" data-id=\"fb47dfd\" data-element_type=\"column\">\n\t\t\t<div class=\"elementor-widget-wrap\">\n\t\t\t\t\t\t\t<\/div>\n\t\t<\/div>\n\t\t\t\t\t<\/div>\n\t\t<\/section>\n\t\t\t\t<section class=\"elementor-section elementor-top-section elementor-element elementor-element-63950b34 elementor-section-boxed elementor-section-height-default elementor-section-height-default\" data-id=\"63950b34\" data-element_type=\"section\">\n\t\t\t\t\t\t<div class=\"elementor-container elementor-column-gap-default\">\n\t\t\t\t\t<div class=\"elementor-column elementor-col-100 elementor-top-column elementor-element elementor-element-237444ef\" data-id=\"237444ef\" data-element_type=\"column\">\n\t\t\t<div class=\"elementor-widget-wrap elementor-element-populated\">\n\t\t\t\t\t\t<div class=\"elementor-element elementor-element-35b70e5c elementor-widget elementor-widget-sectiontitle\" data-id=\"35b70e5c\" data-element_type=\"widget\" data-widget_type=\"sectiontitle.default\">\n\t\t\t\t<div class=\"elementor-widget-container\">\n\t\t\t\t\t\r\n\t\t\t\t<div class=\"\">\r\n\t\t\t<div class=\"section-title t_left\">\r\n\t\t\t\t<h5>\/\/ Fehler<\/h5>\r\n\t\t\t\t<div class=\"title\">\r\n\t\t\t\t    <h3><\/h3>\r\n\t\t\t\t    <h2>Wenn Technik streikt \u2013 ich bin f\u00fcr <span>Sie da<\/span><\/h2>\r\n\t\t\t\t<\/div>\r\n\t\t\t\t\t\t\t\r\n\t\t\t\t<div class=\"bar-main\">\r\n\t\t\t\t\t<div class=\"bar bar-big\"><\/div>\r\n\t\t\t\t<\/div>\r\n\t\t\t\t\t\t\t\t<p>Ihr Rechner startet nicht mehr, arbeitet extrem langsam oder zeigt pl\u00f6tzlich Fehlermeldungen? Keine Sorge \u2013 ich helfe Ihnen schnell, zuverl\u00e4ssig und pers\u00f6nlich bei allen technischen Problemen rund um Ihren PC oder Laptop..<br><br>\n<b>Typische Fehlerf\u00e4lle, bei denen ich Sie unterst\u00fctze:<\/b><br><br>\n\ud83d\uded1 Kein Lebenszeichen vom Rechner?<br>\nWenn Ihr Computer \u00fcberhaupt nicht mehr reagiert \u2013 kein Bild, kein Ger\u00e4usch, kein Startsignal \u2013 ermittle ich die Ursache und bringe Ihr Ger\u00e4t wieder in Betrieb.\n<br><br>\n\ud83d\udc0c Rechner zu langsam?<br>\nEin System, das ewig zum Hochfahren braucht oder st\u00e4ndig h\u00e4ngen bleibt, ist frustrierend. Ich finde heraus, woran es liegt, und optimiere Ihr System, damit es wieder flott l\u00e4uft.\n<br><br>\n\ud83d\udcbd Festplattenprobleme (HDD \/ SSD)?<br>\nOb verd\u00e4chtige Ger\u00e4usche, Lesefehler oder Datenverlust \u2013 ich pr\u00fcfe Ihre Festplatte auf Sch\u00e4den und \u00fcbernehme bei Bedarf den Austausch oder die Reparatur.<br><br>\n\ud83d\udcc9 Probleme mit dem Arbeitsspeicher?<br>\nWenn Ihr Rechner abst\u00fcrzt oder Programme nicht mehr starten, kann ein defekter oder \u00fcberlasteter Speicher die Ursache sein. Ich analysiere das Problem und finde die passende L\u00f6sung.<br><br>\n\ud83d\udcbe Datenrettung & Datensicherung<br>\nGel\u00f6schte oder verlorene Dateien? Ich rette, was zu retten ist \u2013 und zeige Ihnen, wie Sie Ihre Daten in Zukunft sicher speichern und regelm\u00e4\u00dfig sichern k\u00f6nnen.\n<\/p>\r\n\t\t\t<\/div>\t\r\n\t\t<\/div>\r\n\t\t\r\n\t\t\t\t\t<\/div>\n\t\t\t\t<\/div>\n\t\t\t\t\t<\/div>\n\t\t<\/div>\n\t\t\t\t\t<\/div>\n\t\t<\/section>\n\t\t\t\t<\/div>\n\t\t","protected":false},"excerpt":{"rendered":"<p>\/\/ Fehler Wenn Technik streikt \u2013 ich bin f\u00fcr Sie da Ihr Rechner startet nicht mehr, arbeitet extrem langsam oder zeigt pl\u00f6tzlich Fehlermeldungen? Keine Sorge \u2013 ich helfe Ihnen schnell, zuverl\u00e4ssig und pers\u00f6nlich bei allen technischen Problemen rund um Ihren PC oder Laptop.. Typische Fehlerf\u00e4lle, bei denen ich Sie unterst\u00fctze: \ud83d\uded1 Kein Lebenszeichen vom Rechner? [&hellip;]<\/p>\n","protected":false},"author":1,"featured_media":0,"parent":0,"menu_order":0,"comment_status":"closed","ping_status":"closed","template":"page-templates\/template-default.php","meta":{"footnotes":""},"class_list":["post-16727","page","type-page","status-publish","hentry"],"_links":{"self":[{"href":"https:\/\/prd.smarthomesolutions-mt.de\/index.php?rest_route=\/wp\/v2\/pages\/16727","targetHints":{"allow":["GET"]}}],"collection":[{"href":"https:\/\/prd.smarthomesolutions-mt.de\/index.php?rest_route=\/wp\/v2\/pages"}],"about":[{"href":"https:\/\/prd.smarthomesolutions-mt.de\/index.php?rest_route=\/wp\/v2\/types\/page"}],"author":[{"embeddable":true,"href":"https:\/\/prd.smarthomesolutions-mt.de\/index.php?rest_route=\/wp\/v2\/users\/1"}],"replies":[{"embeddable":true,"href":"https:\/\/prd.smarthomesolutions-mt.de\/index.php?rest_route=%2Fwp%2Fv2%2Fcomments&post=16727"}],"version-history":[{"count":10,"href":"https:\/\/prd.smarthomesolutions-mt.de\/index.php?rest_route=\/wp\/v2\/pages\/16727\/revisions"}],"predecessor-version":[{"id":16742,"href":"https:\/\/prd.smarthomesolutions-mt.de\/index.php?rest_route=\/wp\/v2\/pages\/16727\/revisions\/16742"}],"wp:attachment":[{"href":"https:\/\/prd.smarthomesolutions-mt.de\/index.php?rest_route=%2Fwp%2Fv2%2Fmedia&parent=16727"}],"curies":[{"name":"wp","href":"https:\/\/api.w.org\/{rel}","templated":true}]}}