{"id":16686,"date":"2025-05-28T10:33:13","date_gmt":"2025-05-28T08:33:13","guid":{"rendered":"https:\/\/prd.smarthomesolutions-mt.de\/?page_id=16686"},"modified":"2025-05-28T14:41:37","modified_gmt":"2025-05-28T12:41:37","slug":"datenschutzerklaerung-2","status":"publish","type":"page","link":"https:\/\/prd.smarthomesolutions-mt.de\/?page_id=16686","title":{"rendered":"Datenschutzerkl\u00e4rung"},"content":{"rendered":"\t\t<div data-elementor-type=\"wp-page\" data-elementor-id=\"16686\" class=\"elementor elementor-16686\">\n\t\t\t\t\t\t<section class=\"elementor-section elementor-top-section elementor-element elementor-element-4057a3d2 elementor-section-full_width elementor-section-height-default elementor-section-height-default\" data-id=\"4057a3d2\" data-element_type=\"section\">\n\t\t\t\t\t\t<div class=\"elementor-container elementor-column-gap-no\">\n\t\t\t\t\t<div class=\"elementor-column elementor-col-100 elementor-top-column elementor-element elementor-element-5cd645bc\" data-id=\"5cd645bc\" data-element_type=\"column\">\n\t\t\t<div class=\"elementor-widget-wrap elementor-element-populated\">\n\t\t\t\t\t\t<div class=\"elementor-element elementor-element-1c2f42a8 elementor-widget elementor-widget-spacer\" data-id=\"1c2f42a8\" data-element_type=\"widget\" data-widget_type=\"spacer.default\">\n\t\t\t\t<div class=\"elementor-widget-container\">\n\t\t\t\t\t\t\t<div class=\"elementor-spacer\">\n\t\t\t<div class=\"elementor-spacer-inner\"><\/div>\n\t\t<\/div>\n\t\t\t\t\t\t<\/div>\n\t\t\t\t<\/div>\n\t\t\t\t<div class=\"elementor-element elementor-element-764d996c elementor-widget elementor-widget-slider_revolution\" data-id=\"764d996c\" data-element_type=\"widget\" data-widget_type=\"slider_revolution.default\">\n\t\t\t\t<div class=\"elementor-widget-container\">\n\t\t\t\t\t\n\t\t<div class=\"wp-block-themepunch-revslider\">\n\t\t\t<!-- START datenschutzerklaerung REVOLUTION SLIDER 6.6.20 --><p class=\"rs-p-wp-fix\"><\/p>\n\t\t\t<rs-module-wrap id=\"rev_slider_33_1_wrapper\" data-source=\"gallery\" style=\"visibility:hidden;background:transparent;padding:0;margin:0px auto;margin-top:0;margin-bottom:0;\">\n\t\t\t\t<rs-module id=\"rev_slider_33_1\" style=\"\" data-version=\"6.6.20\">\n\t\t\t\t\t<rs-slides style=\"overflow: hidden; position: absolute;\">\n\t\t\t\t\t\t<rs-slide style=\"position: absolute;\" data-key=\"rs-50\" data-title=\"Slide\" data-in=\"o:0;\" data-out=\"a:false;\">\n\t\t\t\t\t\t\t<img fetchpriority=\"high\" decoding=\"async\" src=\"\/\/prd.smarthomesolutions-mt.de\/wp-content\/plugins\/revslider\/public\/assets\/assets\/dummy.png\" alt=\"\" title=\"slider2.jpg\" width=\"1920\" height=\"950\" class=\"rev-slidebg tp-rs-img rs-lazyload\" data-lazyload=\"\/\/prd.smarthomesolutions-mt.de\/wp-content\/uploads\/revslider\/slider-1-12\/slider2.jpg\" data-no-retina>\n<!--\n\t\t\t\t\t\t\t--><rs-group\n\t\t\t\t\t\t\t\tid=\"slider-33-slide-50-layer-0\" \n\t\t\t\t\t\t\t\tdata-type=\"group\"\n\t\t\t\t\t\t\t\tdata-rsp_ch=\"on\"\n\t\t\t\t\t\t\t\tdata-xy=\"xo:3px,5px,5px,7px;y:m;yo:1px,0,0,-8px;\"\n\t\t\t\t\t\t\t\tdata-text=\"w:normal;s:20,16,12,7;l:0,20,15,9;\"\n\t\t\t\t\t\t\t\tdata-dim=\"w:1160px,957px,636px,464px;h:428px,353px,351px,304px;\"\n\t\t\t\t\t\t\t\tdata-frame_0=\"o:1;\"\n\t\t\t\t\t\t\t\tdata-frame_999=\"o:0;st:w;sR:8700;sA:9000;\"\n\t\t\t\t\t\t\t\tstyle=\"z-index:6;\"\n\t\t\t\t\t\t\t><!--\n\t\t\t\t\t\t\t\t--><rs-layer\n\t\t\t\t\t\t\t\t\tid=\"slider-33-slide-50-layer-1\" \n\t\t\t\t\t\t\t\t\tdata-type=\"text\"\n\t\t\t\t\t\t\t\t\tdata-rsp_ch=\"on\"\n\t\t\t\t\t\t\t\t\tdata-xy=\"xo:-2px,-1px,4px,2px;yo:200px,165px,173px,140px;\"\n\t\t\t\t\t\t\t\t\tdata-pos=\"a\"\n\t\t\t\t\t\t\t\t\tdata-text=\"w:normal;s:60,52,45,35;l:65,56,51,41;fw:700;\"\n\t\t\t\t\t\t\t\t\tdata-frame_0=\"y:100%;\"\n\t\t\t\t\t\t\t\t\tdata-frame_0_mask=\"u:t;\"\n\t\t\t\t\t\t\t\t\tdata-frame_1=\"st:220;sp:1200;sR:220;\"\n\t\t\t\t\t\t\t\t\tdata-frame_1_mask=\"u:t;\"\n\t\t\t\t\t\t\t\t\tdata-frame_999=\"o:0;st:w;sR:7580;\"\n\t\t\t\t\t\t\t\t\tstyle=\"z-index:8;font-family:'Fira Sans';\"\n\t\t\t\t\t\t\t\t>Die \n\t\t\t\t\t\t\t\t<\/rs-layer><!--\n\n\t\t\t\t\t\t\t\t--><rs-layer\n\t\t\t\t\t\t\t\t\tid=\"slider-33-slide-50-layer-4\" \n\t\t\t\t\t\t\t\t\tdata-type=\"text\"\n\t\t\t\t\t\t\t\t\tdata-color=\"#ff3c00\"\n\t\t\t\t\t\t\t\t\tdata-rsp_ch=\"on\"\n\t\t\t\t\t\t\t\t\tdata-xy=\"xo:107px,91px,88px,61px;yo:194px,165px,173px,141px;\"\n\t\t\t\t\t\t\t\t\tdata-pos=\"a\"\n\t\t\t\t\t\t\t\t\tdata-text=\"w:normal;s:60,52,45,35;l:65,56,51,38;fw:700;\"\n\t\t\t\t\t\t\t\t\tdata-frame_0=\"y:100%;\"\n\t\t\t\t\t\t\t\t\tdata-frame_0_mask=\"u:t;\"\n\t\t\t\t\t\t\t\t\tdata-frame_1=\"st:580;sp:1200;sR:580;\"\n\t\t\t\t\t\t\t\t\tdata-frame_1_mask=\"u:t;\"\n\t\t\t\t\t\t\t\t\tdata-frame_999=\"o:0;st:w;sR:7220;\"\n\t\t\t\t\t\t\t\t\tstyle=\"z-index:7;font-family:'Fira Sans';\"\n\t\t\t\t\t\t\t\t>Datenschutzerkl\u00e4rung \n\t\t\t\t\t\t\t\t<\/rs-layer><!--\n\n\t\t\t\t\t\t\t\t--><rs-layer\n\t\t\t\t\t\t\t\t\tid=\"slider-33-slide-50-layer-2\" \n\t\t\t\t\t\t\t\t\tdata-type=\"text\"\n\t\t\t\t\t\t\t\t\tdata-rsp_ch=\"on\"\n\t\t\t\t\t\t\t\t\tdata-xy=\"yo:89px,73px,64px,52px;\"\n\t\t\t\t\t\t\t\t\tdata-pos=\"a\"\n\t\t\t\t\t\t\t\t\tdata-text=\"w:normal;s:60,52,45,35;l:65,56,51,41;fw:700;\"\n\t\t\t\t\t\t\t\t\tdata-dim=\"w:auto,auto,auto,425px;\"\n\t\t\t\t\t\t\t\t\tdata-frame_0=\"y:100%;\"\n\t\t\t\t\t\t\t\t\tdata-frame_0_mask=\"u:t;\"\n\t\t\t\t\t\t\t\t\tdata-frame_1=\"st:220;sp:1200;sR:220;\"\n\t\t\t\t\t\t\t\t\tdata-frame_1_mask=\"u:t;\"\n\t\t\t\t\t\t\t\t\tdata-frame_999=\"o:0;st:w;sR:7580;\"\n\t\t\t\t\t\t\t\t\tstyle=\"z-index:6;font-family:'Fira Sans';\"\n\t\t\t\t\t\t\t\t>Weil Vertrauen mit Offenheit beginnt: \n\t\t\t\t\t\t\t\t<\/rs-layer><!--\n\t\t\t\t\t\t\t--><\/rs-group><!--\n-->\t\t\t\t\t\t<\/rs-slide>\n\t\t\t\t\t<\/rs-slides>\n\t\t\t\t<\/rs-module>\n\t\t\t\t<script>\n\t\t\t\t\tsetREVStartSize({c: 'rev_slider_33_1',rl:[1240,1024,778,480],el:[800,767.986,960,720],gw:[1240,1024,778,480],gh:[800,768,960,720],type:'standard',justify:'',layout:'fullwidth',mh:\"0\"});if (window.RS_MODULES!==undefined && window.RS_MODULES.modules!==undefined && window.RS_MODULES.modules[\"revslider331\"]!==undefined) {window.RS_MODULES.modules[\"revslider331\"].once = false;window.revapi33 = undefined;if (window.RS_MODULES.checkMinimal!==undefined) window.RS_MODULES.checkMinimal()}\n\t\t\t\t<\/script>\n\t\t\t<\/rs-module-wrap>\n\t\t\t<!-- END REVOLUTION SLIDER -->\n<\/div>\n\n\t\t\t\t\t\t<\/div>\n\t\t\t\t<\/div>\n\t\t\t\t\t<\/div>\n\t\t<\/div>\n\t\t\t\t\t<\/div>\n\t\t<\/section>\n\t\t\t\t<section class=\"elementor-section elementor-top-section elementor-element elementor-element-6c86f338 elementor-section-boxed elementor-section-height-default elementor-section-height-default\" data-id=\"6c86f338\" data-element_type=\"section\">\n\t\t\t\t\t\t<div class=\"elementor-container elementor-column-gap-default\">\n\t\t\t\t\t<div class=\"elementor-column elementor-col-100 elementor-top-column elementor-element elementor-element-1c7c4cf1\" data-id=\"1c7c4cf1\" data-element_type=\"column\">\n\t\t\t<div class=\"elementor-widget-wrap\">\n\t\t\t\t\t\t\t<\/div>\n\t\t<\/div>\n\t\t\t\t\t<\/div>\n\t\t<\/section>\n\t\t\t\t<section class=\"elementor-section elementor-top-section elementor-element elementor-element-2afc097e elementor-section-boxed elementor-section-height-default elementor-section-height-default\" data-id=\"2afc097e\" data-element_type=\"section\">\n\t\t\t\t\t\t<div class=\"elementor-container elementor-column-gap-default\">\n\t\t\t\t\t<div class=\"elementor-column elementor-col-100 elementor-top-column elementor-element elementor-element-6517e0d4\" data-id=\"6517e0d4\" data-element_type=\"column\">\n\t\t\t<div class=\"elementor-widget-wrap elementor-element-populated\">\n\t\t\t\t\t\t<div class=\"elementor-element elementor-element-18087dc6 elementor-widget elementor-widget-sectiontitle\" data-id=\"18087dc6\" data-element_type=\"widget\" data-widget_type=\"sectiontitle.default\">\n\t\t\t\t<div class=\"elementor-widget-container\">\n\t\t\t\t\t\r\n\t\t\t\t<div class=\"\">\r\n\t\t\t<div class=\"section-title t_left\">\r\n\t\t\t\t<h5>\/\/ Datenschutzerkl\u00e4rung<\/h5>\r\n\t\t\t\t<div class=\"title\">\r\n\t\t\t\t    <h3><\/h3>\r\n\t\t\t\t    <h2><span><\/span><\/h2>\r\n\t\t\t\t<\/div>\r\n\t\t\t\t\t\t\t\r\n\t\t\t\t<div class=\"bar-main\">\r\n\t\t\t\t\t<div class=\"bar bar-big\"><\/div>\r\n\t\t\t\t<\/div>\r\n\t\t\t\t\t\t\t\t<p><section id=\"datenschutz\">\n  <h4>Datenschutzerkl\u00e4rung<\/h4>\n  <p>Der Schutz Ihrer pers\u00f6nlichen Daten ist uns ein besonderes Anliegen. Wir verarbeiten Ihre Daten daher ausschlie\u00dflich auf Grundlage der gesetzlichen Bestimmungen (DSGVO, TMG). In dieser Datenschutzerkl\u00e4rung informieren wir Sie \u00fcber die wichtigsten Aspekte der Datenverarbeitung im Rahmen unserer Website.<\/p><br>\n\n  <h5>1. Allgemeine Hinweise<\/h5>\n  <p>Verantwortlich f\u00fcr die Datenverarbeitung auf dieser Website ist:<\/p>\n  <p>\n    <strong>Smarthomesolutions-MT<\/strong><br>\n    Parkstra\u00dfe 1B<br>\n    15370, Fredersdorf<br>\n    Telefon: 015566458240<br>\n    E-Mail: info@smarthomesolutions-mt.de\n  <\/p><br><br>\n\n  <h5>2. Zugriffsdaten \/ Server-Logfiles<\/h5>\n  <p>Beim Besuch unserer Website speichert unser Hosting-Anbieter automatisch Informationen in sogenannten Server-Logfiles, die Ihr Browser \u00fcbermittelt. Dies sind:<\/p>\n  <ul>\n    <li>IP-Adresse (in gek\u00fcrzter Form)<\/li>\n    <li>Datum und Uhrzeit der Serveranfrage<\/li>\n    <li>Browsertyp und -version<\/li>\n    <li>Verwendetes Betriebssystem<\/li>\n    <li>Referrer URL<\/li>\n    <li>Hostname des zugreifenden Rechners<\/li>\n  <\/ul>\n  <p>Diese Daten sind nicht bestimmten Personen zuordenbar und werden nach 30 Tagen automatisch gel\u00f6scht.<\/p>\n<br><br>\n  <h5>3. Verwendung von Google Analytics<\/h5>\n  <p>Diese Website verwendet Google Analytics, einen Webanalysedienst der Google Ireland Limited (\u201eGoogle\u201c), Gordon House, Barrow Street, Dublin 4, Irland. Google Analytics verwendet Cookies, die eine Analyse der Nutzung der Website durch Sie erm\u00f6glichen.<\/p>\n  <p>Die durch den Cookie erzeugten Informationen \u00fcber Ihre Benutzung dieser Website werden in der Regel an einen Server von Google in den USA \u00fcbertragen und dort gespeichert. IP-Adressen werden jedoch vor der \u00dcbertragung anonymisiert (IP-Anonymisierung aktiv).<\/p>\n  <p>Google nutzt diese Informationen in unserem Auftrag, um die Nutzung der Website auszuwerten und Reports \u00fcber die Websiteaktivit\u00e4ten zu erstellen.<\/p>\n  <p>Sie k\u00f6nnen die Erfassung Ihrer Daten durch Google Analytics verhindern, indem Sie das folgende Browser-Plugin installieren:<br>\n    <a href=\"https:\/\/tools.google.com\/dlpage\/gaoptout\" target=\"_blank\">https:\/\/tools.google.com\/dlpage\/gaoptout<\/a>\n  <\/p>\n<br><br>\n  <h5>4. Cookies<\/h5>\n  <p>Unsere Website verwendet Cookies. Dabei handelt es sich um kleine Textdateien, die auf Ihrem Ger\u00e4t gespeichert werden. Einige Cookies bleiben auf Ihrem Ger\u00e4t gespeichert, bis Sie diese l\u00f6schen. Sie erm\u00f6glichen uns, Ihren Browser beim n\u00e4chsten Besuch wiederzuerkennen.<\/p>\n  <p>Sie k\u00f6nnen Ihren Browser so einstellen, dass er Sie \u00fcber das Setzen von Cookies informiert und Sie dies nur im Einzelfall erlauben.<\/p>\n<br><br>\n  <h5>5. Ihre Rechte<\/h5>\n  <p>Sie haben gem\u00e4\u00df DSGVO folgende Rechte:<\/p>\n  <ul>\n    <li>Recht auf Auskunft (Art. 15 DSGVO)<\/li>\n    <li>Recht auf Berichtigung (Art. 16 DSGVO)<\/li>\n    <li>Recht auf L\u00f6schung (Art. 17 DSGVO)<\/li>\n    <li>Recht auf Einschr\u00e4nkung der Verarbeitung (Art. 18 DSGVO)<\/li>\n    <li>Recht auf Daten\u00fcbertragbarkeit (Art. 20 DSGVO)<\/li>\n    <li>Recht auf Widerspruch gegen die Verarbeitung (Art. 21 DSGVO)<\/li>\n    <li>Recht auf Beschwerde bei der Aufsichtsbeh\u00f6rde<\/li>\n  <\/ul>\n<br><br>\n  <h5>6. Kontaktaufnahme<\/h5>\n  <p>Wenn Sie per Formular oder E-Mail Kontakt mit uns aufnehmen, werden Ihre Daten zwecks Bearbeitung der Anfrage bei uns gespeichert. Diese Daten geben wir nicht ohne Ihre Einwilligung weiter.<\/p>\n<br><br>\n  <h5>7. \u00c4nderungen der Datenschutzerkl\u00e4rung<\/h5>\n  <p>Wir behalten uns vor, diese Datenschutzerkl\u00e4rung anzupassen, um sie aktuellen rechtlichen Anforderungen oder \u00c4nderungen unserer Services anzupassen.<\/p>\n<br><br>\n<h5>8. Kontakt \u00fcber WhatsApp<\/h5>\n<p>\nAuf unserer Website bieten wir Ihnen die M\u00f6glichkeit, \u00fcber den Dienst WhatsApp mit uns in Kontakt zu treten. Daf\u00fcr verwenden wir den Link <strong>wa.me<\/strong>, der Sie direkt zu einem Chat mit uns weiterleitet.\n<\/p>\n\n<p>\nWenn Sie den Link nutzen, werden personenbezogene Daten (z.\u202fB. Ihre Telefonnummer, Chat-Inhalte, Profilinformationen) an die WhatsApp Ireland Limited, 4 Grand Canal Square, Grand Canal Harbour, Dublin 2, Irland \u00fcbermittelt. Dabei gelten die <a href=\"https:\/\/www.whatsapp.com\/legal\/privacy-policy-eea\" target=\"_blank\">Datenschutzrichtlinien von WhatsApp<\/a>.\n<\/p>\n\n<p>\nDie Verarbeitung Ihrer Daten erfolgt auf Grundlage von Art. 6 Abs. 1 lit. a DSGVO (Einwilligung) und\/oder Art. 6 Abs. 1 lit. b DSGVO (Vertragsanbahnung oder -erf\u00fcllung).\n<\/p>\n\n<p>\nBitte beachten Sie: Bei der Nutzung von WhatsApp gelten die Nutzungs- und Datenschutzbedingungen des Anbieters. Wir haben keinen Einfluss auf die Datenverarbeitung durch WhatsApp.\n<\/p>\n\n<p>\nWenn Sie nicht m\u00f6chten, dass WhatsApp Daten \u00fcber Sie verarbeitet, empfehlen wir, uns \u00fcber alternative Kontaktm\u00f6glichkeiten (z.\u202fB. E-Mail oder Telefon) zu erreichen.\n<\/p>\n<br><br>\n  <p><em>Stand: Mai 2025<\/em><\/p>\n<\/section>\n<\/p>\r\n\t\t\t<\/div>\t\r\n\t\t<\/div>\r\n\t\t\r\n\t\t\t\t\t<\/div>\n\t\t\t\t<\/div>\n\t\t\t\t\t<\/div>\n\t\t<\/div>\n\t\t\t\t\t<\/div>\n\t\t<\/section>\n\t\t\t\t<\/div>\n\t\t","protected":false},"excerpt":{"rendered":"<p>\/\/ Datenschutzerkl\u00e4rung Datenschutzerkl\u00e4rung Der Schutz Ihrer pers\u00f6nlichen Daten ist uns ein besonderes Anliegen. Wir verarbeiten Ihre Daten daher ausschlie\u00dflich auf Grundlage der gesetzlichen Bestimmungen (DSGVO, TMG). In dieser Datenschutzerkl\u00e4rung informieren wir Sie \u00fcber die wichtigsten Aspekte der Datenverarbeitung im Rahmen unserer Website. 1. Allgemeine Hinweise Verantwortlich f\u00fcr die Datenverarbeitung auf dieser Website ist: Smarthomesolutions-MT Parkstra\u00dfe [&hellip;]<\/p>\n","protected":false},"author":1,"featured_media":0,"parent":0,"menu_order":0,"comment_status":"closed","ping_status":"closed","template":"page-templates\/template-default.php","meta":{"footnotes":""},"class_list":["post-16686","page","type-page","status-publish","hentry"],"_links":{"self":[{"href":"https:\/\/prd.smarthomesolutions-mt.de\/index.php?rest_route=\/wp\/v2\/pages\/16686","targetHints":{"allow":["GET"]}}],"collection":[{"href":"https:\/\/prd.smarthomesolutions-mt.de\/index.php?rest_route=\/wp\/v2\/pages"}],"about":[{"href":"https:\/\/prd.smarthomesolutions-mt.de\/index.php?rest_route=\/wp\/v2\/types\/page"}],"author":[{"embeddable":true,"href":"https:\/\/prd.smarthomesolutions-mt.de\/index.php?rest_route=\/wp\/v2\/users\/1"}],"replies":[{"embeddable":true,"href":"https:\/\/prd.smarthomesolutions-mt.de\/index.php?rest_route=%2Fwp%2Fv2%2Fcomments&post=16686"}],"version-history":[{"count":19,"href":"https:\/\/prd.smarthomesolutions-mt.de\/index.php?rest_route=\/wp\/v2\/pages\/16686\/revisions"}],"predecessor-version":[{"id":16764,"href":"https:\/\/prd.smarthomesolutions-mt.de\/index.php?rest_route=\/wp\/v2\/pages\/16686\/revisions\/16764"}],"wp:attachment":[{"href":"https:\/\/prd.smarthomesolutions-mt.de\/index.php?rest_route=%2Fwp%2Fv2%2Fmedia&parent=16686"}],"curies":[{"name":"wp","href":"https:\/\/api.w.org\/{rel}","templated":true}]}}