{"id":16547,"date":"2025-05-27T14:02:57","date_gmt":"2025-05-27T12:02:57","guid":{"rendered":"https:\/\/prd.smarthomesolutions-mt.de\/?page_id=16547"},"modified":"2025-05-28T13:57:54","modified_gmt":"2025-05-28T11:57:54","slug":"smarthome","status":"publish","type":"page","link":"https:\/\/prd.smarthomesolutions-mt.de\/?page_id=16547","title":{"rendered":"SmartHome"},"content":{"rendered":"\t\t<div data-elementor-type=\"wp-page\" data-elementor-id=\"16547\" class=\"elementor elementor-16547\">\n\t\t\t\t\t\t<section class=\"elementor-section elementor-top-section elementor-element elementor-element-4dd47aca elementor-section-full_width elementor-section-height-default elementor-section-height-default\" data-id=\"4dd47aca\" data-element_type=\"section\">\n\t\t\t\t\t\t<div class=\"elementor-container elementor-column-gap-no\">\n\t\t\t\t\t<div class=\"elementor-column elementor-col-100 elementor-top-column elementor-element elementor-element-b21252e\" data-id=\"b21252e\" data-element_type=\"column\">\n\t\t\t<div class=\"elementor-widget-wrap elementor-element-populated\">\n\t\t\t\t\t\t<div class=\"elementor-element elementor-element-51664857 elementor-widget elementor-widget-spacer\" data-id=\"51664857\" data-element_type=\"widget\" data-widget_type=\"spacer.default\">\n\t\t\t\t<div class=\"elementor-widget-container\">\n\t\t\t\t\t\t\t<div class=\"elementor-spacer\">\n\t\t\t<div class=\"elementor-spacer-inner\"><\/div>\n\t\t<\/div>\n\t\t\t\t\t\t<\/div>\n\t\t\t\t<\/div>\n\t\t\t\t<div class=\"elementor-element elementor-element-14879355 elementor-widget elementor-widget-slider_revolution\" data-id=\"14879355\" data-element_type=\"widget\" data-widget_type=\"slider_revolution.default\">\n\t\t\t\t<div class=\"elementor-widget-container\">\n\t\t\t\t\t\n\t\t<div class=\"wp-block-themepunch-revslider\">\n\t\t\t<!-- START leistungensmarthome REVOLUTION SLIDER 6.6.20 --><p class=\"rs-p-wp-fix\"><\/p>\n\t\t\t<rs-module-wrap id=\"rev_slider_32_1_wrapper\" data-source=\"gallery\" style=\"visibility:hidden;background:transparent;padding:0;margin:0px auto;margin-top:0;margin-bottom:0;\">\n\t\t\t\t<rs-module id=\"rev_slider_32_1\" style=\"\" data-version=\"6.6.20\">\n\t\t\t\t\t<rs-slides style=\"overflow: hidden; position: absolute;\">\n\t\t\t\t\t\t<rs-slide style=\"position: absolute;\" data-key=\"rs-49\" data-title=\"Slide\" data-in=\"o:0;\" data-out=\"a:false;\">\n\t\t\t\t\t\t\t<img fetchpriority=\"high\" decoding=\"async\" src=\"\/\/prd.smarthomesolutions-mt.de\/wp-content\/plugins\/revslider\/public\/assets\/assets\/dummy.png\" alt=\"\" title=\"slider2.jpg\" width=\"1920\" height=\"950\" class=\"rev-slidebg tp-rs-img rs-lazyload\" data-lazyload=\"\/\/prd.smarthomesolutions-mt.de\/wp-content\/uploads\/revslider\/slider-1-12\/slider2.jpg\" data-no-retina>\n<!--\n\t\t\t\t\t\t\t--><rs-group\n\t\t\t\t\t\t\t\tid=\"slider-32-slide-49-layer-0\" \n\t\t\t\t\t\t\t\tclass=\"MOVE-BG\"\n\t\t\t\t\t\t\t\tdata-type=\"group\"\n\t\t\t\t\t\t\t\tdata-rsp_ch=\"on\"\n\t\t\t\t\t\t\t\tdata-xy=\"xo:-1px,6px,9px,5px;y:m;\"\n\t\t\t\t\t\t\t\tdata-text=\"w:normal;s:20,17,12,7;l:0,21,15,9;\"\n\t\t\t\t\t\t\t\tdata-dim=\"w:708px,649px,715px,461px;h:400px,458px,347px,441px;\"\n\t\t\t\t\t\t\t\tdata-frame_0=\"o:1;\"\n\t\t\t\t\t\t\t\tdata-frame_999=\"o:0;st:w;sR:8700;sA:9000;\"\n\t\t\t\t\t\t\t\tstyle=\"z-index:6;\"\n\t\t\t\t\t\t\t><!--\n\t\t\t\t\t\t\t\t--><rs-layer\n\t\t\t\t\t\t\t\t\tid=\"slider-32-slide-49-layer-2\" \n\t\t\t\t\t\t\t\t\tdata-type=\"text\"\n\t\t\t\t\t\t\t\t\tdata-rsp_ch=\"on\"\n\t\t\t\t\t\t\t\t\tdata-xy=\"yo:88px,69px,52px,50px;\"\n\t\t\t\t\t\t\t\t\tdata-pos=\"a\"\n\t\t\t\t\t\t\t\t\tdata-text=\"w:normal;s:60,60,50,35;l:63,64,54,37;fw:700;\"\n\t\t\t\t\t\t\t\t\tdata-dim=\"w:696px,609px,462px,285px;\"\n\t\t\t\t\t\t\t\t\tdata-frame_0=\"y:100%;\"\n\t\t\t\t\t\t\t\t\tdata-frame_0_mask=\"u:t;\"\n\t\t\t\t\t\t\t\t\tdata-frame_1=\"st:350;sp:1200;\"\n\t\t\t\t\t\t\t\t\tdata-frame_1_mask=\"u:t;\"\n\t\t\t\t\t\t\t\t\tdata-frame_999=\"o:0;st:w;sR:7650;\"\n\t\t\t\t\t\t\t\t\tstyle=\"z-index:7;font-family:'Poppins';\"\n\t\t\t\t\t\t\t\t>Willkommen in der Zukunft des  \n\t\t\t\t\t\t\t\t<\/rs-layer><!--\n\n\t\t\t\t\t\t\t\t--><rs-layer\n\t\t\t\t\t\t\t\t\tid=\"slider-32-slide-49-layer-4\" \n\t\t\t\t\t\t\t\t\tdata-type=\"text\"\n\t\t\t\t\t\t\t\t\tdata-color=\"#ff3c00\"\n\t\t\t\t\t\t\t\t\tdata-rsp_ch=\"on\"\n\t\t\t\t\t\t\t\t\tdata-xy=\"xo:378px,262px,225px,163px;yo:151px,132px,112px,96px;\"\n\t\t\t\t\t\t\t\t\tdata-pos=\"a\"\n\t\t\t\t\t\t\t\t\tdata-text=\"w:normal;s:60,60,50,35;l:64,62,54,38;fw:700;\"\n\t\t\t\t\t\t\t\t\tdata-dim=\"w:343px,300px,227px,140px;\"\n\t\t\t\t\t\t\t\t\tdata-frame_0=\"y:-100%;\"\n\t\t\t\t\t\t\t\t\tdata-frame_0_mask=\"u:t;\"\n\t\t\t\t\t\t\t\t\tdata-frame_1=\"st:590;sp:1200;\"\n\t\t\t\t\t\t\t\t\tdata-frame_1_mask=\"u:t;\"\n\t\t\t\t\t\t\t\t\tdata-frame_999=\"o:0;st:w;sR:7410;\"\n\t\t\t\t\t\t\t\t\tstyle=\"z-index:6;font-family:'Poppins';\"\n\t\t\t\t\t\t\t\t>Wohnens ! \n\t\t\t\t\t\t\t\t<\/rs-layer><!--\n\t\t\t\t\t\t\t--><\/rs-group><!--\n-->\t\t\t\t\t\t<\/rs-slide>\n\t\t\t\t\t<\/rs-slides>\n\t\t\t\t<\/rs-module>\n\t\t\t\t<script>\n\t\t\t\t\tsetREVStartSize({c: 'rev_slider_32_1',rl:[1240,1024,778,480],el:[900,768,960,720],gw:[1170,1024,778,480],gh:[900,768,960,720],type:'standard',justify:'',layout:'fullwidth',mh:\"0\"});if (window.RS_MODULES!==undefined && window.RS_MODULES.modules!==undefined && window.RS_MODULES.modules[\"revslider321\"]!==undefined) {window.RS_MODULES.modules[\"revslider321\"].once = false;window.revapi32 = undefined;if (window.RS_MODULES.checkMinimal!==undefined) window.RS_MODULES.checkMinimal()}\n\t\t\t\t<\/script>\n\t\t\t<\/rs-module-wrap>\n\t\t\t<!-- END REVOLUTION SLIDER -->\n<\/div>\n\n\t\t\t\t\t\t<\/div>\n\t\t\t\t<\/div>\n\t\t\t\t\t<\/div>\n\t\t<\/div>\n\t\t\t\t\t<\/div>\n\t\t<\/section>\n\t\t\t\t<section class=\"elementor-section elementor-top-section elementor-element elementor-element-3f494251 elementor-section-boxed elementor-section-height-default elementor-section-height-default\" data-id=\"3f494251\" data-element_type=\"section\">\n\t\t\t\t\t\t<div class=\"elementor-container elementor-column-gap-default\">\n\t\t\t\t\t<div class=\"elementor-column elementor-col-100 elementor-top-column elementor-element elementor-element-4523e746\" data-id=\"4523e746\" data-element_type=\"column\">\n\t\t\t<div class=\"elementor-widget-wrap\">\n\t\t\t\t\t\t\t<\/div>\n\t\t<\/div>\n\t\t\t\t\t<\/div>\n\t\t<\/section>\n\t\t\t\t<section class=\"elementor-section elementor-top-section elementor-element elementor-element-6a247b57 elementor-section-boxed elementor-section-height-default elementor-section-height-default\" data-id=\"6a247b57\" data-element_type=\"section\">\n\t\t\t\t\t\t<div class=\"elementor-container elementor-column-gap-default\">\n\t\t\t\t\t<div class=\"elementor-column elementor-col-100 elementor-top-column elementor-element elementor-element-4486eed9\" data-id=\"4486eed9\" data-element_type=\"column\">\n\t\t\t<div class=\"elementor-widget-wrap elementor-element-populated\">\n\t\t\t\t\t\t<div class=\"elementor-element elementor-element-2999b5bc elementor-widget elementor-widget-sectiontitle\" data-id=\"2999b5bc\" data-element_type=\"widget\" data-widget_type=\"sectiontitle.default\">\n\t\t\t\t<div class=\"elementor-widget-container\">\n\t\t\t\t\t\r\n\t\t\t\t<div class=\"\">\r\n\t\t\t<div class=\"section-title t_left\">\r\n\t\t\t\t<h5>\/\/ SmartHome<\/h5>\r\n\t\t\t\t<div class=\"title\">\r\n\t\t\t\t    <h3>Smart Home L\u00f6sungen -<\/h3>\r\n\t\t\t\t    <h2>Intelligente Technik f\u00fcr Ihr <span>Zuhause<\/span><\/h2>\r\n\t\t\t\t<\/div>\r\n\t\t\t\t\t\t\t\r\n\t\t\t\t<div class=\"bar-main\">\r\n\t\t\t\t\t<div class=\"bar bar-big\"><\/div>\r\n\t\t\t\t<\/div>\r\n\t\t\t\t\t\t\t\t<p><br>Wir bieten ma\u00dfgeschneiderte Smart Home-L\u00f6sungen, die Komfort, Sicherheit und Effizienz in Ihr Zuhause bringen. Mit modernster Technik und individueller Beratung unterst\u00fctzen wir Sie dabei, Ihre Wohnr\u00e4ume intelligent zu vernetzen \u2013 ganz nach Ihren Bed\u00fcrfnissen.<br><br>\n\nUnsere Leistungen im \u00dcberblick:<br>\n\u2705 Serverinstallation<br>\nEin stabiles und zuverl\u00e4ssiges Smart Home beginnt mit der richtigen Infrastruktur. Wir \u00fcbernehmen die komplette Einrichtung und Konfiguration Ihres Heimservers \u2013 ma\u00dfgeschneidert und zukunftssicher.\n<br><br>\n\u2705 IoBroker & Home Assistant<br>\nOb IoBroker oder Home Assistant \u2013 wir richten Ihre Smart Home-Zentrale professionell ein, integrieren Ger\u00e4te unterschiedlichster Hersteller und sorgen f\u00fcr eine benutzerfreundliche Steuerung all Ihrer Komponenten.<br><br>\n\n\u2705 Cloudl\u00f6sungen & Remote-Zugriff<br>\nBleiben Sie flexibel \u2013 auch von unterwegs. Wir k\u00fcmmern uns um sichere Fernzugriffsm\u00f6glichkeiten und verschl\u00fcsselte Verbindungen, damit Sie jederzeit die volle Kontrolle \u00fcber Ihr Smart Home behalten.<br><br>\n\n\u2705 Kamera- & Sicherheitstechnik<br>\nSicherheit hat oberste Priorit\u00e4t. Wir installieren moderne \u00dcberwachungskameras und binden diese intelligent in Ihr System ein \u2013 f\u00fcr ein sicheres Gef\u00fchl, ob zuhause oder unterwegs.<\/p>\r\n\t\t\t<\/div>\t\r\n\t\t<\/div>\r\n\t\t\r\n\t\t\t\t\t<\/div>\n\t\t\t\t<\/div>\n\t\t\t\t\t<\/div>\n\t\t<\/div>\n\t\t\t\t\t<\/div>\n\t\t<\/section>\n\t\t\t\t<\/div>\n\t\t","protected":false},"excerpt":{"rendered":"<p>\/\/ SmartHome Smart Home L\u00f6sungen &#8211; Intelligente Technik f\u00fcr Ihr Zuhause Wir bieten ma\u00dfgeschneiderte Smart Home-L\u00f6sungen, die Komfort, Sicherheit und Effizienz in Ihr Zuhause bringen. Mit modernster Technik und individueller Beratung unterst\u00fctzen wir Sie dabei, Ihre Wohnr\u00e4ume intelligent zu vernetzen \u2013 ganz nach Ihren Bed\u00fcrfnissen. Unsere Leistungen im \u00dcberblick: \u2705 Serverinstallation Ein stabiles und zuverl\u00e4ssiges [&hellip;]<\/p>\n","protected":false},"author":1,"featured_media":0,"parent":0,"menu_order":0,"comment_status":"closed","ping_status":"closed","template":"page-templates\/template-default.php","meta":{"footnotes":""},"class_list":["post-16547","page","type-page","status-publish","hentry"],"_links":{"self":[{"href":"https:\/\/prd.smarthomesolutions-mt.de\/index.php?rest_route=\/wp\/v2\/pages\/16547","targetHints":{"allow":["GET"]}}],"collection":[{"href":"https:\/\/prd.smarthomesolutions-mt.de\/index.php?rest_route=\/wp\/v2\/pages"}],"about":[{"href":"https:\/\/prd.smarthomesolutions-mt.de\/index.php?rest_route=\/wp\/v2\/types\/page"}],"author":[{"embeddable":true,"href":"https:\/\/prd.smarthomesolutions-mt.de\/index.php?rest_route=\/wp\/v2\/users\/1"}],"replies":[{"embeddable":true,"href":"https:\/\/prd.smarthomesolutions-mt.de\/index.php?rest_route=%2Fwp%2Fv2%2Fcomments&post=16547"}],"version-history":[{"count":14,"href":"https:\/\/prd.smarthomesolutions-mt.de\/index.php?rest_route=\/wp\/v2\/pages\/16547\/revisions"}],"predecessor-version":[{"id":16745,"href":"https:\/\/prd.smarthomesolutions-mt.de\/index.php?rest_route=\/wp\/v2\/pages\/16547\/revisions\/16745"}],"wp:attachment":[{"href":"https:\/\/prd.smarthomesolutions-mt.de\/index.php?rest_route=%2Fwp%2Fv2%2Fmedia&parent=16547"}],"curies":[{"name":"wp","href":"https:\/\/api.w.org\/{rel}","templated":true}]}}